{"id":9716,"date":"2023-06-22T08:15:11","date_gmt":"2023-06-22T14:15:11","guid":{"rendered":"https:\/\/wvd.org\/almacenamiento-de-esperma-reversiones-otras-alternativas-y-almacenamiento-de-esperma\/"},"modified":"2023-06-22T08:15:24","modified_gmt":"2023-06-22T14:15:24","slug":"almacenamiento-de-esperma-reversiones-otras-alternativas-y-almacenamiento-de-esperma","status":"publish","type":"page","link":"https:\/\/wvd.org\/es\/almacenamiento-de-esperma-reversiones-otras-alternativas-y-almacenamiento-de-esperma\/","title":{"rendered":"Almacenamiento de Esperma, Reversiones, Otras alternativas y Almacenamiento de Esperma"},"content":{"rendered":"[vc_row type=\u00bbfull_width_background\u00bb full_screen_row_position=\u00bbmiddle\u00bb bg_color=\u00bb#2a2c2e\u00bb scene_position=\u00bbcenter\u00bb text_color=\u00bblight\u00bb text_align=\u00bbleft\u00bb top_padding=\u00bb8%\u00bb bottom_padding=\u00bb8%\u00bb id=\u00bbseekingaprovider\u00bb overlay_strength=\u00bb0.3&#8243; shape_divider_position=\u00bbbottom\u00bb bg_image_animation=\u00bbnone\u00bb shape_type=\u00bb\u00bb][vc_column column_padding=\u00bbpadding-2-percent\u00bb column_padding_position=\u00bbright\u00bb background_color_opacity=\u00bb1&#8243; background_hover_color_opacity=\u00bb1&#8243; column_link_target=\u00bb_self\u00bb column_shadow=\u00bbnone\u00bb column_border_radius=\u00bbnone\u00bb width=\u00bb1\/4&#8243; tablet_width_inherit=\u00bbdefault\u00bb tablet_text_alignment=\u00bbdefault\u00bb phone_text_alignment=\u00bbdefault\u00bb column_border_width=\u00bbnone\u00bb column_border_style=\u00bbsolid\u00bb bg_image_animation=\u00bbnone\u00bb][vc_column_text css_animation=\u00bbnone\u00bb]\n<h2 style=\"text-align: left;\"><span style=\"color: #1cb8b2;\">REVERSIONES, ALTERNATIVAS y BANCOS DE ESPERMA<\/span><\/h2>\n<p>Si bien usted tiene muy buenas razones e intenciones para querer tener un hijo despu\u00e9s de una vasectom\u00eda, tenga en cuenta que, para todos los efectos, una vasectom\u00eda se considera una forma permanente de planificaci\u00f3n familiar.[\/vc_column_text][\/vc_column][vc_column column_padding=\u00bbno-extra-padding\u00bb column_padding_position=\u00bball\u00bb background_color_opacity=\u00bb1&#8243; background_hover_color_opacity=\u00bb1&#8243; column_link_target=\u00bb_self\u00bb column_shadow=\u00bbnone\u00bb column_border_radius=\u00bbnone\u00bb width=\u00bb3\/4&#8243; tablet_width_inherit=\u00bbdefault\u00bb tablet_text_alignment=\u00bbdefault\u00bb phone_text_alignment=\u00bbdefault\u00bb column_border_width=\u00bbnone\u00bb column_border_style=\u00bbsolid\u00bb bg_image_animation=\u00bbnone\u00bb][vc_row_inner column_margin=\u00bbdefault\u00bb text_align=\u00bbleft\u00bb css=\u00bb.vc_custom_1504187365562{margin-bottom: 2% !important;}\u00bb][vc_column_inner column_padding=\u00bbpadding-1-percent\u00bb column_padding_position=\u00bball\u00bb background_color_opacity=\u00bb1&#8243; background_hover_color_opacity=\u00bb1&#8243; column_shadow=\u00bbnone\u00bb column_border_radius=\u00bbnone\u00bb column_link_target=\u00bb_self\u00bb width=\u00bb1\/2&#8243; tablet_width_inherit=\u00bbdefault\u00bb column_border_width=\u00bbnone\u00bb column_border_style=\u00bbsolid\u00bb bg_image_animation=\u00bbnone\u00bb][fancy_box box_style=\u00bbcolor_box_basic\u00bb icon_family=\u00bbnone\u00bb box_color=\u00bb#1cb8b2&#8243; content_color=\u00bb#ffffff\u00bb box_color_opacity=\u00bb1&#8243; box_alignment=\u00bbleft\u00bb min_height=\u00bb150&#8243; link_url=\u00bb#\u00bb]\n<h5 class=\"p1\">\n            <span class=\"s1\">No se garantiza que una reversi\u00f3n tenga \u00e9xito. <\/span><br \/>\n          <\/h5>\n[\/fancy_box][\/vc_column_inner][vc_column_inner column_padding=\u00bbpadding-1-percent\u00bb column_padding_position=\u00bball\u00bb background_color_opacity=\u00bb1&#8243; background_hover_color_opacity=\u00bb1&#8243; column_shadow=\u00bbnone\u00bb column_border_radius=\u00bbnone\u00bb column_link_target=\u00bb_self\u00bb width=\u00bb1\/2&#8243; tablet_width_inherit=\u00bbdefault\u00bb column_border_width=\u00bbnone\u00bb column_border_style=\u00bbsolid\u00bb bg_image_animation=\u00bbnone\u00bb][fancy_box box_style=\u00bbcolor_box_basic\u00bb icon_family=\u00bbnone\u00bb box_color=\u00bb#1cb8b2&#8243; content_color=\u00bb#ffffff\u00bb box_color_opacity=\u00bb1&#8243; box_alignment=\u00bbleft\u00bb min_height=\u00bb150&#8243; link_url=\u00bb#\u00bb]\n<h5 class=\"p1\">\n            <span class=\"s1\">Cuanto mayor sea el tiempo entre la vasectom\u00eda y la reversi\u00f3n, menor ser\u00e1 la tasa de \u00e9xito.<\/span><br \/>\n          <\/h5>\n[\/fancy_box][\/vc_column_inner][\/vc_row_inner][vc_row_inner column_margin=\u00bbdefault\u00bb text_align=\u00bbleft\u00bb css=\u00bb.vc_custom_1504187365562{margin-bottom: 2% !important;}\u00bb][vc_column_inner column_padding=\u00bbpadding-1-percent\u00bb column_padding_position=\u00bball\u00bb background_color_opacity=\u00bb1&#8243; background_hover_color_opacity=\u00bb1&#8243; column_shadow=\u00bbnone\u00bb column_border_radius=\u00bbnone\u00bb column_link_target=\u00bb_self\u00bb width=\u00bb1\/2&#8243; tablet_width_inherit=\u00bbdefault\u00bb column_border_width=\u00bbnone\u00bb column_border_style=\u00bbsolid\u00bb bg_image_animation=\u00bbnone\u00bb][fancy_box box_style=\u00bbcolor_box_basic\u00bb icon_family=\u00bbnone\u00bb box_color=\u00bb#1cb8b2&#8243; content_color=\u00bb#ffffff\u00bb box_color_opacity=\u00bb1&#8243; box_alignment=\u00bbleft\u00bb min_height=\u00bb150&#8243; link_url=\u00bb#\u00bb]\n<h5 class=\"p1\">\n            <span class=\"s1\">Una reversi\u00f3n es m\u00e1s complicada y toma alrededor de 3-4 horas, mientras que una vasectom\u00eda requiere alrededor de 10-15 minutos.<\/span><br \/>\n          <\/h5>\n[\/fancy_box][\/vc_column_inner][vc_column_inner column_padding=\u00bbpadding-1-percent\u00bb column_padding_position=\u00bball\u00bb background_color_opacity=\u00bb1&#8243; background_hover_color_opacity=\u00bb1&#8243; column_shadow=\u00bbnone\u00bb column_border_radius=\u00bbnone\u00bb column_link_target=\u00bb_self\u00bb width=\u00bb1\/2&#8243; tablet_width_inherit=\u00bbdefault\u00bb column_border_width=\u00bbnone\u00bb column_border_style=\u00bbsolid\u00bb bg_image_animation=\u00bbnone\u00bb][fancy_box box_style=\u00bbcolor_box_basic\u00bb icon_family=\u00bbnone\u00bb box_color=\u00bb#1cb8b2&#8243; content_color=\u00bb#ffffff\u00bb box_color_opacity=\u00bb1&#8243; box_alignment=\u00bbleft\u00bb min_height=\u00bb150&#8243; link_url=\u00bb#\u00bb]\n<h5 class=\"p1\">\n            <span class=\"s1\">Del mismo modo, la recuperaci\u00f3n de una reversi\u00f3n puede tomar de 5 a 14 d\u00edas, mientras que una vasectom\u00eda requiere solo unos pocos d\u00edas. <\/span><br \/>\n          <\/h5>\n[\/fancy_box][\/vc_column_inner][\/vc_row_inner][vc_row_inner column_margin=\u00bbdefault\u00bb text_align=\u00bbleft\u00bb css=\u00bb.vc_custom_1504187365562{margin-bottom: 2% !important;}\u00bb][vc_column_inner column_padding=\u00bbpadding-1-percent\u00bb column_padding_position=\u00bball\u00bb background_color_opacity=\u00bb1&#8243; background_hover_color_opacity=\u00bb1&#8243; column_shadow=\u00bbnone\u00bb column_border_radius=\u00bbnone\u00bb column_link_target=\u00bb_self\u00bb width=\u00bb1\/2&#8243; tablet_width_inherit=\u00bbdefault\u00bb column_border_width=\u00bbnone\u00bb column_border_style=\u00bbsolid\u00bb bg_image_animation=\u00bbnone\u00bb][fancy_box box_style=\u00bbcolor_box_basic\u00bb icon_family=\u00bbnone\u00bb box_color=\u00bb#1cb8b2&#8243; content_color=\u00bb#ffffff\u00bb box_color_opacity=\u00bb1&#8243; box_alignment=\u00bbleft\u00bb min_height=\u00bb150&#8243; link_url=\u00bb#\u00bb]\n<h5 class=\"p1\">\n            <span class=\"s1\">Es probable que sea 10 veces m\u00e1s caro y el seguro no cubre el procedimiento.<\/span><br \/>\n          <\/h5>\n[\/fancy_box][\/vc_column_inner][vc_column_inner column_padding=\u00bbpadding-1-percent\u00bb column_padding_position=\u00bball\u00bb background_color_opacity=\u00bb1&#8243; background_hover_color_opacity=\u00bb1&#8243; column_shadow=\u00bbnone\u00bb column_border_radius=\u00bbnone\u00bb column_link_target=\u00bb_self\u00bb width=\u00bb1\/2&#8243; tablet_width_inherit=\u00bbdefault\u00bb column_border_width=\u00bbnone\u00bb column_border_style=\u00bbsolid\u00bb bg_image_animation=\u00bbnone\u00bb][fancy_box box_style=\u00bbcolor_box_basic\u00bb icon_family=\u00bbnone\u00bb box_color=\u00bb#1cb8b2&#8243; content_color=\u00bb#ffffff\u00bb box_color_opacity=\u00bb1&#8243; box_alignment=\u00bbleft\u00bb min_height=\u00bb150&#8243; link_url=\u00bb#\u00bb]\n<h5 class=\"p1\">\n            <span class=\"s1\">Hay pa\u00edses enteros donde no hay un solo especialista en reversi\u00f3n.<\/span><br \/>\n          <\/h5>\n[\/fancy_box][\/vc_column_inner][\/vc_row_inner][vc_row_inner column_margin=\u00bbdefault\u00bb text_align=\u00bbleft\u00bb css=\u00bb.vc_custom_1504187365562{margin-bottom: 2% !important;}\u00bb][vc_column_inner column_padding=\u00bbpadding-1-percent\u00bb column_padding_position=\u00bball\u00bb background_color_opacity=\u00bb1&#8243; background_hover_color_opacity=\u00bb1&#8243; column_shadow=\u00bbnone\u00bb column_border_radius=\u00bbnone\u00bb column_link_target=\u00bb_self\u00bb width=\u00bb1\/2&#8243; tablet_width_inherit=\u00bbdefault\u00bb column_border_width=\u00bbnone\u00bb column_border_style=\u00bbsolid\u00bb bg_image_animation=\u00bbnone\u00bb][fancy_box box_style=\u00bbcolor_box_basic\u00bb icon_family=\u00bbnone\u00bb box_color=\u00bb#1cb8b2&#8243; content_color=\u00bb#ffffff\u00bb box_color_opacity=\u00bb1&#8243; box_alignment=\u00bbleft\u00bb min_height=\u00bb150&#8243; link_url=\u00bb#\u00bb]\n<h5 class=\"p1\">\n            <span class=\"s1\">A pesar de las limitaciones del procedimiento, creemos que un programa de vasectom\u00eda viable tambi\u00e9n deber\u00eda poder ofrecer un servicio de reversi\u00f3n. <\/span><br \/>\n          <\/h5>\n[\/fancy_box][fancy_box box_style=\u00bbcolor_box_basic\u00bb icon_family=\u00bbnone\u00bb box_color=\u00bb#1cb8b2&#8243; content_color=\u00bb#ffffff\u00bb box_color_opacity=\u00bb1&#8243; box_alignment=\u00bbleft\u00bb min_height=\u00bb150&#8243; link_url=\u00bb#\u00bb]\n<h5 class=\"p1\">Almacenar esperma es un proceso relativamente f\u00e1cil, pero no necesariamente disponible o asequible para todos ni en todas partes. Para obtener informaci\u00f3n m\u00e1s espec\u00edfica, busque en l\u00ednea o visite el sitio web del Dr. Stein <a href=\"https:\/\/www.vasweb.com\/spermbanking.html\">https:\/\/www.vasweb.com\/spermbanking.html<\/a>.<\/h5>\n[\/fancy_box][\/vc_column_inner][vc_column_inner column_padding=\u00bbpadding-1-percent\u00bb column_padding_position=\u00bball\u00bb background_color_opacity=\u00bb1&#8243; background_hover_color_opacity=\u00bb1&#8243; column_shadow=\u00bbnone\u00bb column_border_radius=\u00bbnone\u00bb column_link_target=\u00bb_self\u00bb width=\u00bb1\/2&#8243; tablet_width_inherit=\u00bbdefault\u00bb column_border_width=\u00bbnone\u00bb column_border_style=\u00bbsolid\u00bb bg_image_animation=\u00bbnone\u00bb][fancy_box box_style=\u00bbcolor_box_basic\u00bb icon_family=\u00bbnone\u00bb box_color=\u00bb#1cb8b2&#8243; content_color=\u00bb#ffffff\u00bb box_color_opacity=\u00bb1&#8243; box_alignment=\u00bbleft\u00bb min_height=\u00bb150&#8243; link_url=\u00bb#\u00bb]\n<h5 class=\"p1\">\n            <span class=\"s1\">Otras opciones posibles adem\u00e1s de una reversi\u00f3n se denominan ART o T\u00e9cnicas de Reproducci\u00f3n Asistida. Se utilizan principalmente para parejas que experimentan problemas de infertilidad. Son significativamente m\u00e1s caros que una reversi\u00f3n y no se garantiza que tengan \u00e9xito. Siempre considere una vasectom\u00eda como una forma permanente de planificaci\u00f3n familiar.<\/span><br \/>\n          <\/h5>\n<h5 class=\"p1\"><\/h5>\n[\/fancy_box][fancy_box box_style=\u00bbcolor_box_basic\u00bb icon_family=\u00bbnone\u00bb box_color=\u00bb#1cb8b2&#8243; content_color=\u00bb#ffffff\u00bb box_color_opacity=\u00bb1&#8243; box_alignment=\u00bbleft\u00bb min_height=\u00bb150&#8243; link_url=\u00bb#\u00bb]\n<h5 class=\"p1\">Si decide someterse a una vasectom\u00eda, pero a\u00fan desea dejar abierta la posibilidad de tener un hijo biol\u00f3gico o hijos en el futuro, debe considerar congelar su esperma. Esta opci\u00f3n es costosa, no est\u00e1 disponible en todos los pa\u00edses y no es 100% confiable. Dicho esto, muchos m\u00e9dicos recomiendan esta opci\u00f3n para hombres j\u00f3venes u hombres que no han tenido hijos. y quieren una vasectom\u00eda.<\/h5>\n<h5 class=\"p1\"><\/h5>\n[\/fancy_box][\/vc_column_inner][\/vc_row_inner][\/vc_column][\/vc_row]\n","protected":false},"excerpt":{"rendered":"<p>[vc_row type=\u00bbfull_width_background\u00bb full_screen_row_position=\u00bbmiddle\u00bb bg_color=\u00bb#2a2c2e\u00bb scene_position=\u00bbcenter\u00bb text_color=\u00bblight\u00bb text_align=\u00bbleft\u00bb top_padding=\u00bb8%\u00bb bottom_padding=\u00bb8%\u00bb id=\u00bbseekingaprovider\u00bb overlay_strength=\u00bb0.3&#8243; shape_divider_position=\u00bbbottom\u00bb bg_image_animation=\u00bbnone\u00bb shape_type=\u00bb\u00bb][vc_column column_padding=\u00bbpadding-2-percent\u00bb column_padding_position=\u00bbright\u00bb background_color_opacity=\u00bb1&#8243; background_hover_color_opacity=\u00bb1&#8243; column_link_target=\u00bb_self\u00bb column_shadow=\u00bbnone\u00bb column_border_radius=\u00bbnone\u00bb width=\u00bb1\/4&#8243; tablet_width_inherit=\u00bbdefault\u00bb tablet_text_alignment=\u00bbdefault\u00bb phone_text_alignment=\u00bbdefault\u00bb column_border_width=\u00bbnone\u00bb column_border_style=\u00bbsolid\u00bb bg_image_animation=\u00bbnone\u00bb][vc_column_text css_animation=\u00bbnone\u00bb] REVERSIONES,&#8230;<\/p>\n","protected":false},"author":1,"featured_media":0,"parent":0,"menu_order":0,"comment_status":"closed","ping_status":"closed","template":"","meta":{"footnotes":""},"class_list":["post-9716","page","type-page","status-publish"],"_links":{"self":[{"href":"https:\/\/wvd.org\/es\/wp-json\/wp\/v2\/pages\/9716","targetHints":{"allow":["GET"]}}],"collection":[{"href":"https:\/\/wvd.org\/es\/wp-json\/wp\/v2\/pages"}],"about":[{"href":"https:\/\/wvd.org\/es\/wp-json\/wp\/v2\/types\/page"}],"author":[{"embeddable":true,"href":"https:\/\/wvd.org\/es\/wp-json\/wp\/v2\/users\/1"}],"replies":[{"embeddable":true,"href":"https:\/\/wvd.org\/es\/wp-json\/wp\/v2\/comments?post=9716"}],"version-history":[{"count":0,"href":"https:\/\/wvd.org\/es\/wp-json\/wp\/v2\/pages\/9716\/revisions"}],"wp:attachment":[{"href":"https:\/\/wvd.org\/es\/wp-json\/wp\/v2\/media?parent=9716"}],"curies":[{"name":"wp","href":"https:\/\/api.w.org\/{rel}","templated":true}]}}