{"id":2308,"date":"2019-10-16T21:18:44","date_gmt":"2019-10-16T21:18:44","guid":{"rendered":"https:\/\/www.worldvasectomyday.org\/centro-de-excelencia\/"},"modified":"2025-02-03T09:06:58","modified_gmt":"2025-02-03T15:06:58","slug":"centro-de-excelencia","status":"publish","type":"page","link":"https:\/\/wvd.org\/es\/centro-de-excelencia\/","title":{"rendered":"Academia de la WVD"},"content":{"rendered":"[vc_row type=\u00bbfull_width_content\u00bb full_screen_row_position=\u00bbmiddle\u00bb equal_height=\u00bbyes\u00bb content_placement=\u00bbmiddle\u00bb full_height=\u00bbyes\u00bb columns_placement=\u00bbstretch\u00bb scene_position=\u00bbcenter\u00bb text_color=\u00bbdark\u00bb text_align=\u00bbleft\u00bb overlay_strength=\u00bb0.3&#8243; shape_divider_position=\u00bbbottom\u00bb bg_image_animation=\u00bbnone\u00bb][vc_column column_padding=\u00bbno-extra-padding\u00bb column_padding_position=\u00bball\u00bb background_color_opacity=\u00bb1&#8243; background_hover_color_opacity=\u00bb1&#8243; background_image=\u00bb656&#8243; column_link_target=\u00bb_self\u00bb column_shadow=\u00bbnone\u00bb column_border_radius=\u00bbnone\u00bb width=\u00bb1\/2&#8243; tablet_width_inherit=\u00bbdefault\u00bb tablet_text_alignment=\u00bbdefault\u00bb phone_text_alignment=\u00bbdefault\u00bb column_border_width=\u00bbnone\u00bb column_border_style=\u00bbsolid\u00bb bg_image_animation=\u00bbnone\u00bb][divider line_type=\u00bbNo Line\u00bb custom_height=\u00bb500&#8243;][\/vc_column][vc_column column_padding=\u00bbpadding-8-percent\u00bb column_padding_position=\u00bball\u00bb background_color=\u00bb#ffffff\u00bb background_color_opacity=\u00bb1&#8243; background_hover_color_opacity=\u00bb1&#8243; column_link_target=\u00bb_self\u00bb column_shadow=\u00bbnone\u00bb column_border_radius=\u00bbnone\u00bb width=\u00bb1\/2&#8243; tablet_width_inherit=\u00bbdefault\u00bb tablet_text_alignment=\u00bbdefault\u00bb phone_text_alignment=\u00bbdefault\u00bb column_border_width=\u00bbnone\u00bb column_border_style=\u00bbsolid\u00bb bg_image_animation=\u00bbnone\u00bb][vc_column_text css_animation=\u00bbnone\u00bb]\n<h2 style=\"text-align: left;\">ACADEMIA <span style=\"color: #1cb8b2;\"><br \/>\nDE WVD<\/span><\/h2>\n[\/vc_column_text][vc_column_text css=\u00bb.vc_custom_1568917499717{margin-top: 30px !important;margin-bottom: 30px !important;}\u00bb]<span style=\"font-weight: 400;\">Dado que la vasectom\u00eda:<\/span><\/p>\n<ol>\n<li style=\"font-weight: 400;\"><span style=\"font-weight: 400;\">Es uno de los m\u00e9todos anticonceptivos m\u00e1s efectivos disponibles actualmente.<\/span><\/li>\n<li style=\"font-weight: 400;\"><span style=\"font-weight: 400;\">Es una de las opciones m\u00e1s costo eficientes<\/span><\/li>\n<li style=\"font-weight: 400;\"><span style=\"font-weight: 400;\">Es m\u00e1s segura y ligeramente m\u00e1s efectiva que la esterilizaci\u00f3n femenina<\/span><\/li>\n<li style=\"font-weight: 400;\"><span style=\"font-weight: 400;\">Inspira la participaci\u00f3n masculina<\/span><\/li>\n<li style=\"font-weight: 400;\"><span style=\"font-weight: 400;\">No ha sido investigada tan a fondo como otras formas de Planificaci\u00f3n Familiar<\/span><\/li>\n<li style=\"font-weight: 400;\"><span style=\"font-weight: 400;\">Carece de proveedores calificados en muchos lugares del mundo, capacitados en t\u00e9cnicas basadas en evidencia.<\/span><\/li>\n<li style=\"font-weight: 400;\"><span style=\"font-weight: 400;\">Es potencialmente reversible;<\/span><\/li>\n<li style=\"font-weight: 400;\"><span style=\"font-weight: 400;\">Deber\u00eda estar disponible en todas partes; y<\/span><\/li>\n<li style=\"font-weight: 400;\"><span style=\"font-weight: 400;\">Carece de una instituci\u00f3n en el mundo dedicada a su investigaci\u00f3n y a la difusi\u00f3n del conocimiento<\/span><\/li>\n<\/ol>\n[\/vc_column_text][\/vc_column][\/vc_row][vc_row type=\u00bbfull_width_background\u00bb full_screen_row_position=\u00bbmiddle\u00bb bg_color=\u00bb#1cb8b2&#8243; scene_position=\u00bbcenter\u00bb text_color=\u00bblight\u00bb text_align=\u00bbcenter\u00bb overlay_strength=\u00bb0.3&#8243; shape_divider_position=\u00bbbottom\u00bb bg_image_animation=\u00bbnone\u00bb shape_type=\u00bb\u00bb][vc_column column_padding=\u00bbno-extra-padding\u00bb column_padding_position=\u00bball\u00bb background_color_opacity=\u00bb1&#8243; background_hover_color_opacity=\u00bb1&#8243; column_link_target=\u00bb_self\u00bb column_shadow=\u00bbnone\u00bb column_border_radius=\u00bbnone\u00bb width=\u00bb1\/6&#8243; tablet_width_inherit=\u00bbdefault\u00bb tablet_text_alignment=\u00bbdefault\u00bb phone_text_alignment=\u00bbdefault\u00bb column_border_width=\u00bbnone\u00bb column_border_style=\u00bbsolid\u00bb bg_image_animation=\u00bbnone\u00bb][\/vc_column][vc_column column_padding=\u00bbno-extra-padding\u00bb column_padding_position=\u00bball\u00bb background_color_opacity=\u00bb1&#8243; background_hover_color_opacity=\u00bb1&#8243; column_link_target=\u00bb_self\u00bb column_shadow=\u00bbnone\u00bb column_border_radius=\u00bbnone\u00bb width=\u00bb2\/3&#8243; tablet_width_inherit=\u00bbdefault\u00bb tablet_text_alignment=\u00bbdefault\u00bb phone_text_alignment=\u00bbdefault\u00bb column_border_width=\u00bbnone\u00bb column_border_style=\u00bbsolid\u00bb bg_image_animation=\u00bbnone\u00bb][divider line_type=\u00bbNo Line\u00bb custom_height=\u00bb40&#8243;][vc_column_text css=\u00bb.vc_custom_1612557618821{margin-top: 30px !important;margin-bottom: 30px !important;}\u00bb]\n<div class=\"page\" title=\"P\u00e1gina 1\">\n<div class=\"layoutArea\">\n<div class=\"column\">\n<p>Por ello, el D\u00eda Mundial de la Vasectom\u00eda, Inc., NSVI (No Scalpel Vasectomy International) y el Fonds Michel- Labrecque en sant\u00e9 reproductive masculine de la Fondation de l&#8217;Universit\u00e9 Laval, Quebec City, Canad\u00e1 proponen lanzar la Academia WVD para presentar y cultivar las mejores pr\u00e1cticas.<\/p>\n<\/div>\n<p>A lo largo del tiempo prestaremos apoyo en las cinco \u00e1reas siguientes:<\/p>\n<div class=\"page\" title=\"P\u00e1gina 1\">\n<div class=\"layoutArea\">\n<div class=\"column\">\n<ol>\n<li>Prestaci\u00f3n de servicios: Prestaci\u00f3n de servicios de vasectom\u00eda y reversi\u00f3n de vasectom\u00eda de la m\u00e1xima calidad a los clientes, utilizando las mejores t\u00e9cnicas y equipos.<\/li>\n<li>Formaci\u00f3n y transferencia de conocimientos: Realizaci\u00f3n de actividades de formaci\u00f3n y transferencia de conocimientos basadas en pruebas para m\u00e9dicos, enfermeras, agentes de salud comunitarios y promotores de planificaci\u00f3n familiar.<\/li>\n<li>Promoci\u00f3n: Trabajar con los gobiernos locales y los ministerios de sanidad para reforzar las pol\u00edticas y las infraestructuras en torno a la prestaci\u00f3n de servicios.<\/li>\n<li>Generaci\u00f3n de demanda: Lanzamiento de programas de comunicaci\u00f3n innovadores para desarrollar medios y mensajes eficaces y culturalmente relevantes para aumentar la concienciaci\u00f3n y generar demanda.<\/li>\n<li>La investigaci\u00f3n: Evaluar todos los componentes del programa para estar a la vanguardia de la generaci\u00f3n de nuevas mejores pr\u00e1cticas.<\/li>\n<\/ol>\n<\/div>\n<\/div>\n<\/div>\n<\/div>\n<\/div>\n<p><span style=\"font-weight: 400;\">D\u00eda Mundial de la Vasectom\u00eda, Inc., NSVI (No Scalpel Vasectomy International) y el <\/span><i><span style=\"font-weight: 400;\">Fonds Michel- Labrecque en sant\u00e9 reproductive masculine <\/span><\/i><span style=\"font-weight: 400;\">de la <\/span><i><span style=\"font-weight: 400;\">Fundaci\u00f3n de la Universidad Laval<\/span><\/i><span style=\"font-weight: 400;\">de Quebec (Canad\u00e1), junto con Profamilia (Colombia) y Pop Council (M\u00e9xico), colaboran en el lanzamiento de la Academia de la VMR.<\/span>[\/vc_column_text][divider line_type=\u00bbNo Line\u00bb custom_height=\u00bb40&#8243;][\/vc_column][vc_column column_padding=\u00bbno-extra-padding\u00bb column_padding_position=\u00bball\u00bb background_color_opacity=\u00bb1&#8243; background_hover_color_opacity=\u00bb1&#8243; column_link_target=\u00bb_self\u00bb column_shadow=\u00bbnone\u00bb column_border_radius=\u00bbnone\u00bb width=\u00bb1\/6&#8243; tablet_width_inherit=\u00bbdefault\u00bb tablet_text_alignment=\u00bbdefault\u00bb phone_text_alignment=\u00bbdefault\u00bb column_border_width=\u00bbnone\u00bb column_border_style=\u00bbsolid\u00bb bg_image_animation=\u00bbnone\u00bb][\/vc_column][\/vc_row][vc_row type=\u00bbfull_width_background\u00bb full_screen_row_position=\u00bbmiddle\u00bb bg_color=\u00bb#2a2c2e\u00bb scene_position=\u00bbcenter\u00bb text_color=\u00bblight\u00bb text_align=\u00bbleft\u00bb top_padding=\u00bb8%\u00bb bottom_padding=\u00bb8%\u00bb overlay_strength=\u00bb0.3&#8243; shape_divider_position=\u00bbbottom\u00bb bg_image_animation=\u00bbnone\u00bb shape_type=\u00bb\u00bb][vc_column column_padding=\u00bbpadding-2-percent\u00bb column_padding_position=\u00bbright\u00bb background_color_opacity=\u00bb1&#8243; background_hover_color_opacity=\u00bb1&#8243; column_link_target=\u00bb_self\u00bb column_shadow=\u00bbnone\u00bb column_border_radius=\u00bbnone\u00bb width=\u00bb1\/1&#8243; tablet_width_inherit=\u00bbdefault\u00bb tablet_text_alignment=\u00bbdefault\u00bb phone_text_alignment=\u00bbdefault\u00bb column_border_width=\u00bbnone\u00bb column_border_style=\u00bbsolid\u00bb bg_image_animation=\u00bbnone\u00bb][vc_column_text css_animation=\u00bbnone\u00bb]\n<h2 style=\"text-align: center;\">\n            <span style=\"color: #1cb8b2;\">ENFOQUE<\/span><br \/>\n          <\/h2>\n<p style=\"text-align: center;\">\n            <span style=\"font-weight: 400; color: #ffffff;\">Este Centro estar\u00e1 enfocado en 5 temas<\/span>\n          <\/p>\n[\/vc_column_text][divider line_type=\u00bbNo Line\u00bb custom_height=\u00bb40&#8243;][vc_row_inner column_margin=\u00bbdefault\u00bb text_align=\u00bbleft\u00bb css=\u00bb.vc_custom_1504187365562{margin-bottom: 2% !important;}\u00bb][vc_column_inner column_padding=\u00bbpadding-1-percent\u00bb column_padding_position=\u00bball\u00bb background_color_opacity=\u00bb1&#8243; background_hover_color_opacity=\u00bb1&#8243; column_shadow=\u00bbnone\u00bb column_border_radius=\u00bbnone\u00bb column_link_target=\u00bb_self\u00bb width=\u00bb1\/3&#8243; tablet_width_inherit=\u00bbdefault\u00bb column_border_width=\u00bbnone\u00bb column_border_style=\u00bbsolid\u00bb bg_image_animation=\u00bbnone\u00bb][fancy_box box_style=\u00bbcolor_box_basic\u00bb icon_family=\u00bbnone\u00bb box_color=\u00bb#1cb8b2&#8243; content_color=\u00bb#ffffff\u00bb box_color_opacity=\u00bb1&#8243; box_alignment=\u00bbleft\u00bb min_height=\u00bb150&#8243; link_url=\u00bb#\u00bb]\n<h5>\n            <strong>Investigaci\u00f3n<\/strong><br \/>\n          <\/h5>\n<p>          <span style=\"font-weight: 400;\">Evaluar todos los componentes del programa para estar a la vanguardia en la generaci\u00f3n de nuevas mejores pr\u00e1cticas.<\/span>[\/fancy_box][fancy_box box_style=\u00bbcolor_box_basic\u00bb icon_family=\u00bbnone\u00bb box_color=\u00bb#1cb8b2&#8243; content_color=\u00bb#ffffff\u00bb box_color_opacity=\u00bb1&#8243; box_alignment=\u00bbleft\u00bb min_height=\u00bb150&#8243; link_url=\u00bb#\u00bb]\n<h5>\n            <strong>Entrenamiento y Transferencia del Conocimiento <\/strong><br \/>\n          <\/h5>\n<p>          <span style=\"font-weight: 400;\">Realizar actividades de capacitaci\u00f3n y transferencia de conocimientos basadas en evidencia para m\u00e9dicos, enfermeras, trabajadores de salud comunitarios y promotores de planificaci\u00f3n familiar.<\/span>[\/fancy_box][\/vc_column_inner][vc_column_inner column_padding=\u00bbpadding-1-percent\u00bb column_padding_position=\u00bball\u00bb background_color_opacity=\u00bb1&#8243; background_hover_color_opacity=\u00bb1&#8243; column_shadow=\u00bbnone\u00bb column_border_radius=\u00bbnone\u00bb column_link_target=\u00bb_self\u00bb width=\u00bb1\/3&#8243; tablet_width_inherit=\u00bbdefault\u00bb column_border_width=\u00bbnone\u00bb column_border_style=\u00bbsolid\u00bb bg_image_animation=\u00bbnone\u00bb][fancy_box box_style=\u00bbcolor_box_basic\u00bb icon_family=\u00bbnone\u00bb box_color=\u00bb#1cb8b2&#8243; content_color=\u00bb#ffffff\u00bb box_color_opacity=\u00bb1&#8243; box_alignment=\u00bbleft\u00bb min_height=\u00bb150&#8243; link_url=\u00bb#\u00bb]\n<h5>\n            <strong>Apoyo<\/strong><br \/>\n          <\/h5>\n<p>          <span style=\"font-weight: 400;\">Trabajar con organizaciones de salud p\u00fablica, gobiernos locales y ministerios de salud para fortalecer las pol\u00edticas y la infraestructura en torno a la prestaci\u00f3n de servicios.<\/span>[\/fancy_box][fancy_box box_style=\u00bbcolor_box_basic\u00bb icon_family=\u00bbnone\u00bb box_color=\u00bb#1cb8b2&#8243; content_color=\u00bb#ffffff\u00bb box_color_opacity=\u00bb1&#8243; box_alignment=\u00bbleft\u00bb min_height=\u00bb150&#8243; link_url=\u00bb#\u00bb]\n<h5>\n            <strong>Prestaci\u00f3n de Servicios <\/strong><br \/>\n          <\/h5>\n<p>          <span style=\"font-weight: 400;\">Ofrecer servicios de vasectom\u00eda y reversi\u00f3n de vasectom\u00eda de la m\u00e1s alta calidad para clientes, utilizando las mejores t\u00e9cnicas y equipos.<\/span>[\/fancy_box][\/vc_column_inner][vc_column_inner column_padding=\u00bbpadding-1-percent\u00bb column_padding_position=\u00bball\u00bb background_color_opacity=\u00bb1&#8243; background_hover_color_opacity=\u00bb1&#8243; column_shadow=\u00bbnone\u00bb column_border_radius=\u00bbnone\u00bb column_link_target=\u00bb_self\u00bb width=\u00bb1\/3&#8243; tablet_width_inherit=\u00bbdefault\u00bb column_border_width=\u00bbnone\u00bb column_border_style=\u00bbsolid\u00bb bg_image_animation=\u00bbnone\u00bb][fancy_box box_style=\u00bbcolor_box_basic\u00bb icon_family=\u00bbnone\u00bb box_color=\u00bb#1cb8b2&#8243; content_color=\u00bb#ffffff\u00bb box_color_opacity=\u00bb1&#8243; box_alignment=\u00bbleft\u00bb min_height=\u00bb150&#8243; link_url=\u00bb#\u00bb]\n<h5>\n            <strong>Generaci\u00f3n de Demanda<\/strong><br \/>\n          <\/h5>\n<p>          <span style=\"font-weight: 400;\">Dise\u00f1ar y producir programas de comunicaci\u00f3n innovadores para desarrollar medios y mensajes efectivos y culturalmente relevantes para aumentar la conciencia y generar demanda. Esto abarcar\u00e1 temas m\u00e1s amplios sobre salud sexual y reproductiva.<\/span>[\/fancy_box][\/vc_column_inner][\/vc_row_inner][\/vc_column][\/vc_row][vc_row type=\u00bbfull_width_background\u00bb full_screen_row_position=\u00bbmiddle\u00bb bg_color=\u00bb#1cb8b2&#8243; scene_position=\u00bbcenter\u00bb text_color=\u00bblight\u00bb text_align=\u00bbcenter\u00bb overlay_strength=\u00bb0.3&#8243; shape_divider_position=\u00bbbottom\u00bb bg_image_animation=\u00bbnone\u00bb shape_type=\u00bb\u00bb][vc_column column_padding=\u00bbno-extra-padding\u00bb column_padding_position=\u00bball\u00bb background_color_opacity=\u00bb1&#8243; background_hover_color_opacity=\u00bb1&#8243; column_link_target=\u00bb_self\u00bb column_shadow=\u00bbnone\u00bb column_border_radius=\u00bbnone\u00bb width=\u00bb1\/6&#8243; tablet_width_inherit=\u00bbdefault\u00bb tablet_text_alignment=\u00bbdefault\u00bb phone_text_alignment=\u00bbdefault\u00bb column_border_width=\u00bbnone\u00bb column_border_style=\u00bbsolid\u00bb bg_image_animation=\u00bbnone\u00bb][\/vc_column][vc_column column_padding=\u00bbno-extra-padding\u00bb column_padding_position=\u00bball\u00bb background_color_opacity=\u00bb1&#8243; background_hover_color_opacity=\u00bb1&#8243; column_link_target=\u00bb_self\u00bb column_shadow=\u00bbnone\u00bb column_border_radius=\u00bbnone\u00bb width=\u00bb2\/3&#8243; tablet_width_inherit=\u00bbdefault\u00bb tablet_text_alignment=\u00bbdefault\u00bb phone_text_alignment=\u00bbdefault\u00bb column_border_width=\u00bbnone\u00bb column_border_style=\u00bbsolid\u00bb bg_image_animation=\u00bbnone\u00bb][divider line_type=\u00bbNo Line\u00bb custom_height=\u00bb40&#8243;][vc_column_text css=\u00bb.vc_custom_1569355768337{margin-top: 30px !important;margin-bottom: 30px !important;}\u00bb]<span style=\"font-weight: 400;\">El Centro de Excelencia WVD propuesto es el primer programa donde se ofrecen las mejores pr\u00e1cticas en vasectom\u00eda para garantizar programas sostenibles, efectivos y escalables para la participaci\u00f3n masculina en la planificaci\u00f3n familiar. <\/span>[\/vc_column_text][divider line_type=\u00bbNo Line\u00bb custom_height=\u00bb40&#8243;][\/vc_column][vc_column column_padding=\u00bbno-extra-padding\u00bb column_padding_position=\u00bball\u00bb background_color_opacity=\u00bb1&#8243; background_hover_color_opacity=\u00bb1&#8243; column_link_target=\u00bb_self\u00bb column_shadow=\u00bbnone\u00bb column_border_radius=\u00bbnone\u00bb width=\u00bb1\/6&#8243; tablet_width_inherit=\u00bbdefault\u00bb tablet_text_alignment=\u00bbdefault\u00bb phone_text_alignment=\u00bbdefault\u00bb column_border_width=\u00bbnone\u00bb column_border_style=\u00bbsolid\u00bb bg_image_animation=\u00bbnone\u00bb][\/vc_column][\/vc_row][vc_row type=\u00bbfull_width_background\u00bb full_screen_row_position=\u00bbmiddle\u00bb bg_color=\u00bb#ffc03d\u00bb scene_position=\u00bbcenter\u00bb text_color=\u00bbdark\u00bb text_align=\u00bbleft\u00bb top_padding=\u00bb3%\u00bb bottom_padding=\u00bb3%\u00bb overlay_strength=\u00bb0.3&#8243; shape_divider_position=\u00bbbottom\u00bb bg_image_animation=\u00bbnone\u00bb shape_type=\u00bb\u00bb][vc_column column_padding=\u00bbno-extra-padding\u00bb column_padding_position=\u00bball\u00bb background_color_opacity=\u00bb1&#8243; background_hover_color_opacity=\u00bb1&#8243; column_link_target=\u00bb_self\u00bb column_shadow=\u00bbnone\u00bb column_border_radius=\u00bbnone\u00bb width=\u00bb1\/1&#8243; tablet_width_inherit=\u00bbdefault\u00bb tablet_text_alignment=\u00bbdefault\u00bb phone_text_alignment=\u00bbdefault\u00bb column_border_width=\u00bbnone\u00bb column_border_style=\u00bbsolid\u00bb bg_image_animation=\u00bbnone\u00bb][vc_row_inner column_margin=\u00bbdefault\u00bb text_align=\u00bbleft\u00bb][vc_column_inner column_padding=\u00bbno-extra-padding\u00bb column_padding_position=\u00bball\u00bb background_color_opacity=\u00bb1&#8243; background_hover_color_opacity=\u00bb1&#8243; column_shadow=\u00bbnone\u00bb column_border_radius=\u00bbnone\u00bb column_link_target=\u00bb_self\u00bb width=\u00bb1\/2&#8243; tablet_width_inherit=\u00bbdefault\u00bb column_border_width=\u00bbnone\u00bb column_border_style=\u00bbsolid\u00bb bg_image_animation=\u00bbnone\u00bb][divider line_type=\u00bbNo Line\u00bb custom_height=\u00bb7&#8243;][vc_column_text css_animation=\u00bbnone\u00bb]\n<h3 style=\"text-align: center;\">\u00a1Gracias a nuestros donantes!<\/h3>\n[\/vc_column_text][\/vc_column_inner][vc_column_inner column_padding=\u00bbno-extra-padding\u00bb column_padding_position=\u00bball\u00bb centered_text=\u00bbtrue\u00bb background_color_opacity=\u00bb1&#8243; background_hover_color_opacity=\u00bb1&#8243; column_shadow=\u00bbnone\u00bb column_border_radius=\u00bbnone\u00bb column_link_target=\u00bb_self\u00bb width=\u00bb1\/4&#8243; tablet_width_inherit=\u00bbdefault\u00bb column_border_width=\u00bbnone\u00bb column_border_style=\u00bbsolid\u00bb bg_image_animation=\u00bbnone\u00bb][nectar_btn size=\u00bblarge\u00bb button_style=\u00bbsee-through-2&#8243; color_override=\u00bb#2a2c2e\u00bb hover_color_override=\u00bb#2a2c2e\u00bb hover_text_color_override=\u00bb#ffffff\u00bb icon_family=\u00bbnone\u00bb url=\u00bbhttps:\/\/wvd.org\/donors\/\u00bb text=\u00bbVer la lista de donantes\u00bb][\/vc_column_inner][vc_column_inner column_padding=\u00bbno-extra-padding\u00bb column_padding_position=\u00bball\u00bb centered_text=\u00bbtrue\u00bb background_color_opacity=\u00bb1&#8243; background_hover_color_opacity=\u00bb1&#8243; column_shadow=\u00bbnone\u00bb column_border_radius=\u00bbnone\u00bb column_link_target=\u00bb_self\u00bb width=\u00bb1\/4&#8243; tablet_width_inherit=\u00bbdefault\u00bb column_border_width=\u00bbnone\u00bb column_border_style=\u00bbsolid\u00bb bg_image_animation=\u00bbnone\u00bb][nectar_btn size=\u00bblarge\u00bb button_style=\u00bbsee-through-2&#8243; color_override=\u00bb#2a2c2e\u00bb hover_color_override=\u00bb#2a2c2e\u00bb hover_text_color_override=\u00bb#ffffff\u00bb icon_family=\u00bbnone\u00bb url=\u00bbhttps:\/\/wvd.org\/donate\u00bb text=\u00bb\u00a1Dona ahora!\u00bb][\/vc_column_inner][\/vc_row_inner][\/vc_column][\/vc_row]\n","protected":false},"excerpt":{"rendered":"<p>[vc_row type=\u00bbfull_width_content\u00bb full_screen_row_position=\u00bbmiddle\u00bb equal_height=\u00bbyes\u00bb content_placement=\u00bbmiddle\u00bb full_height=\u00bbyes\u00bb columns_placement=\u00bbstretch\u00bb scene_position=\u00bbcenter\u00bb text_color=\u00bbdark\u00bb text_align=\u00bbleft\u00bb overlay_strength=\u00bb0.3&#8243; shape_divider_position=\u00bbbottom\u00bb bg_image_animation=\u00bbnone\u00bb][vc_column column_padding=\u00bbno-extra-padding\u00bb column_padding_position=\u00bball\u00bb background_color_opacity=\u00bb1&#8243; background_hover_color_opacity=\u00bb1&#8243; background_image=\u00bb656&#8243; column_link_target=\u00bb_self\u00bb column_shadow=\u00bbnone\u00bb column_border_radius=\u00bbnone\u00bb width=\u00bb1\/2&#8243; tablet_width_inherit=\u00bbdefault\u00bb tablet_text_alignment=\u00bbdefault\u00bb phone_text_alignment=\u00bbdefault\u00bb column_border_width=\u00bbnone\u00bb column_border_style=\u00bbsolid\u00bb bg_image_animation=\u00bbnone\u00bb][divider line_type=\u00bbNo Line\u00bb&#8230;<\/p>\n","protected":false},"author":1,"featured_media":0,"parent":0,"menu_order":0,"comment_status":"closed","ping_status":"closed","template":"","meta":{"footnotes":""},"class_list":["post-2308","page","type-page","status-publish"],"_links":{"self":[{"href":"https:\/\/wvd.org\/es\/wp-json\/wp\/v2\/pages\/2308","targetHints":{"allow":["GET"]}}],"collection":[{"href":"https:\/\/wvd.org\/es\/wp-json\/wp\/v2\/pages"}],"about":[{"href":"https:\/\/wvd.org\/es\/wp-json\/wp\/v2\/types\/page"}],"author":[{"embeddable":true,"href":"https:\/\/wvd.org\/es\/wp-json\/wp\/v2\/users\/1"}],"replies":[{"embeddable":true,"href":"https:\/\/wvd.org\/es\/wp-json\/wp\/v2\/comments?post=2308"}],"version-history":[{"count":0,"href":"https:\/\/wvd.org\/es\/wp-json\/wp\/v2\/pages\/2308\/revisions"}],"wp:attachment":[{"href":"https:\/\/wvd.org\/es\/wp-json\/wp\/v2\/media?parent=2308"}],"curies":[{"name":"wp","href":"https:\/\/api.w.org\/{rel}","templated":true}]}}