{"id":13719,"date":"2024-09-13T08:50:56","date_gmt":"2024-09-13T14:50:56","guid":{"rendered":"https:\/\/wvd.org\/como-contribuyes\/"},"modified":"2024-09-13T08:50:57","modified_gmt":"2024-09-13T14:50:57","slug":"como-contribuyes","status":"publish","type":"page","link":"https:\/\/wvd.org\/es\/como-contribuyes\/","title":{"rendered":"C\u00f3mo contribuyes"},"content":{"rendered":"[vc_row type=\u00bbfull_width_content\u00bb full_screen_row_position=\u00bbmiddle\u00bb equal_height=\u00bbyes\u00bb content_placement=\u00bbmiddle\u00bb scene_position=\u00bbcenter\u00bb text_color=\u00bbdark\u00bb text_align=\u00bbleft\u00bb overlay_strength=\u00bb0.3&#8243; shape_divider_position=\u00bbbottom\u00bb bg_image_animation=\u00bbnone\u00bb][vc_column column_padding=\u00bbpadding-7-percent\u00bb column_padding_position=\u00bball\u00bb background_color=\u00bb#ffffff\u00bb background_color_opacity=\u00bb1&#8243; background_hover_color_opacity=\u00bb1&#8243; column_link_target=\u00bb_self\u00bb column_shadow=\u00bbnone\u00bb column_border_radius=\u00bbnone\u00bb width=\u00bb1\/2&#8243; tablet_width_inherit=\u00bbdefault\u00bb tablet_text_alignment=\u00bbdefault\u00bb phone_text_alignment=\u00bbdefault\u00bb column_border_width=\u00bbnone\u00bb column_border_style=\u00bbsolid\u00bb bg_image_animation=\u00bbnone\u00bb][vc_row_inner column_margin=\u00bbdefault\u00bb text_align=\u00bbleft\u00bb][vc_column_inner column_padding=\u00bbno-extra-padding\u00bb column_padding_position=\u00bball\u00bb background_color_opacity=\u00bb1&#8243; background_hover_color_opacity=\u00bb1&#8243; column_shadow=\u00bbnone\u00bb column_border_radius=\u00bbnone\u00bb column_link_target=\u00bb_self\u00bb width=\u00bb1\/1&#8243; tablet_width_inherit=\u00bbdefault\u00bb column_border_width=\u00bbnone\u00bb column_border_style=\u00bbsolid\u00bb bg_image_animation=\u00bbnone\u00bb enable_animation=\u00bbtrue\u00bb animation=\u00bbfade-in-from-bottom\u00bb][vc_column_text css_animation=\u00bbnone\u00bb]\n<h2 style=\"text-align: left;\">\u00bfC\u00f3mo <span style=\"color: #1cb8b2;\"><span style=\"color: #ffc03d;\"><span style=\"color: #ffffff;\"><\/span><span style=\"color: #1cb8b2;\">PARTICIPAS?<\/span><\/span><\/span><\/h2>\n[\/vc_column_text][divider line_type=\u00bbNo Line\u00bb custom_height=\u00bb80&#8243;][vc_column_text css_animation=\u00bbnone\u00bb]<span style=\"font-weight: 400;\">He aqu\u00ed los pocos y sencillos pasos para ser un proveedor participante eficaz en el D\u00eda Mundial de la Vasectom\u00eda:<\/span><\/p>\n<ol>\n<li><a class=\"ppsignup\" href=\"#\" rel=\"noopener noreferrer\"> <span style=\"font-weight: 400;\"> Inscr\u00edbete y \u00fanete al movimiento<\/span><span style=\"font-weight: 400;\">.<\/span><\/a><\/li>\n<\/ol>\n<p><span style=\"font-weight: 400;\">Cuantos m\u00e1s proveedores haya en nuestra lista, m\u00e1s podremos conseguir.<\/span><\/p>\n<ol start=\"2\">\n<li><span style=\"font-weight: 400;\">  Da un paso m\u00e1s y <a class=\"ppsignup\" href=\"#\">pide a tus colegas que se unan<\/a>.<br \/>\nSi un d\u00eda tenemos los nombres del 90% de las personas del planeta que se hacen vasectom\u00edas, podremos marcar una diferencia mayor e influir en la pol\u00edtica. <\/span><\/li>\n<li><span style=\"font-weight: 400;\">  Cuando sea posible, te pedimos que <a href=\"https:\/\/wvd.org\/es\/donaciones\/\">dones<\/a><\/span><span style=\"font-weight: 400;\">.<br \/>\nMany of you already are and for that we are very grateful. <\/span><\/li>\n<li><a href=\"mailto:info@wvd.org\"><span style=\"font-weight: 400;\">  \u00danete a nosotros en nuestras misiones.<\/span><\/a><\/li>\n<\/ol>\n<p><span style=\"font-weight: 400;\">Con m\u00e1s voluntarios, podemos llegar a m\u00e1s lugares y ayudar a formar a m\u00e1s m\u00e9dicos.<\/span><\/p>\n<ol start=\"5\">\n<li> <span style=\"font-weight: 400;\"> Es muy importante: Haznos saber cu\u00e1ntas vasectom\u00edas haces durante el d\u00eda de, e incluso las <\/span>semanas previas a la WVD. Estamos desarrollando una aplicaci\u00f3n para ayudar a facilitar este esfuerzo, mientras acumulamos informaci\u00f3n importante. Dar este paso extra nos ayudar\u00e1 enormemente.<\/li>\n<\/ol>\n[\/vc_column_text][\/vc_column_inner][\/vc_row_inner][\/vc_column][vc_column column_padding=\u00bbno-extra-padding\u00bb column_padding_position=\u00bball\u00bb background_color_opacity=\u00bb1&#8243; background_hover_color_opacity=\u00bb1&#8243; background_image=\u00bb713&#8243; enable_bg_scale=\u00bbtrue\u00bb column_link_target=\u00bb_self\u00bb column_shadow=\u00bbnone\u00bb column_border_radius=\u00bbnone\u00bb width=\u00bb1\/2&#8243; tablet_width_inherit=\u00bbdefault\u00bb tablet_text_alignment=\u00bbdefault\u00bb phone_text_alignment=\u00bbdefault\u00bb column_border_width=\u00bbnone\u00bb column_border_style=\u00bbsolid\u00bb bg_image_animation=\u00bbnone\u00bb][\/vc_column][\/vc_row]\n","protected":false},"excerpt":{"rendered":"<p>[vc_row type=\u00bbfull_width_content\u00bb full_screen_row_position=\u00bbmiddle\u00bb equal_height=\u00bbyes\u00bb content_placement=\u00bbmiddle\u00bb scene_position=\u00bbcenter\u00bb text_color=\u00bbdark\u00bb text_align=\u00bbleft\u00bb overlay_strength=\u00bb0.3&#8243; shape_divider_position=\u00bbbottom\u00bb bg_image_animation=\u00bbnone\u00bb][vc_column column_padding=\u00bbpadding-7-percent\u00bb column_padding_position=\u00bball\u00bb background_color=\u00bb#ffffff\u00bb background_color_opacity=\u00bb1&#8243; background_hover_color_opacity=\u00bb1&#8243; column_link_target=\u00bb_self\u00bb column_shadow=\u00bbnone\u00bb column_border_radius=\u00bbnone\u00bb width=\u00bb1\/2&#8243; tablet_width_inherit=\u00bbdefault\u00bb tablet_text_alignment=\u00bbdefault\u00bb phone_text_alignment=\u00bbdefault\u00bb column_border_width=\u00bbnone\u00bb column_border_style=\u00bbsolid\u00bb bg_image_animation=\u00bbnone\u00bb][vc_row_inner column_margin=\u00bbdefault\u00bb text_align=\u00bbleft\u00bb][vc_column_inner column_padding=\u00bbno-extra-padding\u00bb column_padding_position=\u00bball\u00bb&#8230;<\/p>\n","protected":false},"author":1,"featured_media":0,"parent":0,"menu_order":0,"comment_status":"closed","ping_status":"closed","template":"","meta":{"footnotes":""},"class_list":["post-13719","page","type-page","status-publish"],"_links":{"self":[{"href":"https:\/\/wvd.org\/es\/wp-json\/wp\/v2\/pages\/13719","targetHints":{"allow":["GET"]}}],"collection":[{"href":"https:\/\/wvd.org\/es\/wp-json\/wp\/v2\/pages"}],"about":[{"href":"https:\/\/wvd.org\/es\/wp-json\/wp\/v2\/types\/page"}],"author":[{"embeddable":true,"href":"https:\/\/wvd.org\/es\/wp-json\/wp\/v2\/users\/1"}],"replies":[{"embeddable":true,"href":"https:\/\/wvd.org\/es\/wp-json\/wp\/v2\/comments?post=13719"}],"version-history":[{"count":0,"href":"https:\/\/wvd.org\/es\/wp-json\/wp\/v2\/pages\/13719\/revisions"}],"wp:attachment":[{"href":"https:\/\/wvd.org\/es\/wp-json\/wp\/v2\/media?parent=13719"}],"curies":[{"name":"wp","href":"https:\/\/api.w.org\/{rel}","templated":true}]}}