{"id":13716,"date":"2024-09-13T08:47:48","date_gmt":"2024-09-13T14:47:48","guid":{"rendered":"https:\/\/wvd.org\/que-hace-wvd-por-los-proveedores\/"},"modified":"2024-09-13T08:47:48","modified_gmt":"2024-09-13T14:47:48","slug":"que-hace-wvd-por-los-proveedores","status":"publish","type":"page","link":"https:\/\/wvd.org\/es\/que-hace-wvd-por-los-proveedores\/","title":{"rendered":"Qu\u00e9 hace WVD por los proveedores"},"content":{"rendered":"[vc_row type=\u00bbfull_width_content\u00bb full_screen_row_position=\u00bbmiddle\u00bb equal_height=\u00bbyes\u00bb content_placement=\u00bbmiddle\u00bb scene_position=\u00bbcenter\u00bb text_color=\u00bbdark\u00bb text_align=\u00bbleft\u00bb overlay_strength=\u00bb0.3&#8243; shape_divider_position=\u00bbbottom\u00bb bg_image_animation=\u00bbnone\u00bb][vc_column column_padding=\u00bbpadding-7-percent\u00bb column_padding_position=\u00bball\u00bb background_color=\u00bb#ffffff\u00bb background_color_opacity=\u00bb1&#8243; background_hover_color_opacity=\u00bb1&#8243; column_link_target=\u00bb_self\u00bb column_shadow=\u00bbnone\u00bb column_border_radius=\u00bbnone\u00bb width=\u00bb1\/2&#8243; tablet_width_inherit=\u00bbdefault\u00bb tablet_text_alignment=\u00bbdefault\u00bb phone_text_alignment=\u00bbdefault\u00bb column_border_width=\u00bbnone\u00bb column_border_style=\u00bbsolid\u00bb bg_image_animation=\u00bbnone\u00bb][vc_row_inner column_margin=\u00bbdefault\u00bb text_align=\u00bbleft\u00bb][vc_column_inner column_padding=\u00bbno-extra-padding\u00bb column_padding_position=\u00bball\u00bb background_color_opacity=\u00bb1&#8243; background_hover_color_opacity=\u00bb1&#8243; column_shadow=\u00bbnone\u00bb column_border_radius=\u00bbnone\u00bb column_link_target=\u00bb_self\u00bb width=\u00bb1\/1&#8243; tablet_width_inherit=\u00bbdefault\u00bb column_border_width=\u00bbnone\u00bb column_border_style=\u00bbsolid\u00bb bg_image_animation=\u00bbnone\u00bb enable_animation=\u00bbtrue\u00bb animation=\u00bbfade-in-from-bottom\u00bb][vc_column_text css_animation=\u00bbnone\u00bb]\n<h2 style=\"text-align: left;\">C\u00d3MO APOYA WVD<span style=\"color: #1cb8b2;\"><span style=\"color: #ffc03d;\"><span style=\"color: #ffffff;\"><\/span><span style=\"color: #1cb8b2;\">PROVEEDORES PARTICIPANTES<\/span><\/span><\/span><\/h2>\n[\/vc_column_text][divider line_type=\u00bbNo Line\u00bb custom_height=\u00bb80&#8243;][vc_column_text css_animation=\u00bbnone\u00bb]<span style=\"font-weight: 400;\">\u00bfQu\u00e9 puede hacer por usted el D\u00eda Mundial de la Vasectom\u00eda?<\/span><\/p>\n<ol>\n<li><span style=\"font-weight: 400;\">  Todos los materiales audiovisuales promocionales que creamos est\u00e1n a disposici\u00f3n de cualquier afiliado.<\/span><\/li>\n<li><span style=\"font-weight: 400;\">  Podemos crear materiales audiovisuales personalizados que ayuden al crecimiento de tu consulta.<\/span><\/li>\n<li><span style=\"font-weight: 400;\">  Estamos desarrollando una campa\u00f1a publicitaria individualizada en google para encontrar clientes en tu comunidad.  <\/span><\/li>\n<li>Concienciamos sobre la importancia de la vasectom\u00eda y, con la concienciaci\u00f3n, aumenta la demanda.<\/li>\n<li>  Organizamos una serie de conferencias trimestrales que pueden proporcionar cr\u00e9ditos CME a trav\u00e9s de la Universidad Laval de Quebec.<\/li>\n<li>Organizamos una Cumbre anual para reunir a los m\u00e9dicos m\u00e1s apasionados, capacitados y curiosos de todo el mundo.<\/li>\n<\/ol>\n<p><a href=\"https:\/\/docs.google.com\/forms\/d\/e\/1FAIpQLSdIJsEeGjCA94j0Xre1cWbQaSbAJaMO_np7TXrvXbxssI5VNw\/viewform?usp=pp_url\" target=\"_blank\" rel=\"noopener noreferrer\"><span style=\"font-weight: 400;\">Contacta con nosotros para saber m\u00e1s<\/span><\/a><\/p>\n<ol start=\"6\">\n<li><span style=\"font-weight: 400;\">  Generamos comunicados de prensa para tu propio evento promocional WVD.  <\/span><\/li>\n<li><span style=\"font-weight: 400;\">  Compartimos un dossier de prensa electr\u00f3nico con logotipos, memes y carteles.  <\/span><\/li>\n<li><span style=\"font-weight: 400;\">Trabajando juntos, podemos negociar mejores tarifas para los instrumentos de vasectom\u00eda.  <\/span><\/li>\n<li><span style=\"font-weight: 400;\">  Trabajando juntos, podemos organizar un acto de la WVD en tu comunidad, ciudad o incluso pa\u00eds.<\/span><\/li>\n<\/ol>\n[\/vc_column_text][\/vc_column_inner][\/vc_row_inner][\/vc_column][vc_column column_padding=\u00bbno-extra-padding\u00bb column_padding_position=\u00bball\u00bb background_color_opacity=\u00bb1&#8243; background_hover_color_opacity=\u00bb1&#8243; background_image=\u00bb1115&#8243; enable_bg_scale=\u00bbtrue\u00bb column_link_target=\u00bb_self\u00bb column_shadow=\u00bbnone\u00bb column_border_radius=\u00bbnone\u00bb width=\u00bb1\/2&#8243; tablet_width_inherit=\u00bbdefault\u00bb tablet_text_alignment=\u00bbdefault\u00bb phone_text_alignment=\u00bbdefault\u00bb column_border_width=\u00bbnone\u00bb column_border_style=\u00bbsolid\u00bb bg_image_animation=\u00bbnone\u00bb][\/vc_column][\/vc_row]\n","protected":false},"excerpt":{"rendered":"<p>[vc_row type=\u00bbfull_width_content\u00bb full_screen_row_position=\u00bbmiddle\u00bb equal_height=\u00bbyes\u00bb content_placement=\u00bbmiddle\u00bb scene_position=\u00bbcenter\u00bb text_color=\u00bbdark\u00bb text_align=\u00bbleft\u00bb overlay_strength=\u00bb0.3&#8243; shape_divider_position=\u00bbbottom\u00bb bg_image_animation=\u00bbnone\u00bb][vc_column column_padding=\u00bbpadding-7-percent\u00bb column_padding_position=\u00bball\u00bb background_color=\u00bb#ffffff\u00bb background_color_opacity=\u00bb1&#8243; background_hover_color_opacity=\u00bb1&#8243; column_link_target=\u00bb_self\u00bb column_shadow=\u00bbnone\u00bb column_border_radius=\u00bbnone\u00bb width=\u00bb1\/2&#8243; tablet_width_inherit=\u00bbdefault\u00bb tablet_text_alignment=\u00bbdefault\u00bb phone_text_alignment=\u00bbdefault\u00bb column_border_width=\u00bbnone\u00bb column_border_style=\u00bbsolid\u00bb bg_image_animation=\u00bbnone\u00bb][vc_row_inner column_margin=\u00bbdefault\u00bb text_align=\u00bbleft\u00bb][vc_column_inner column_padding=\u00bbno-extra-padding\u00bb column_padding_position=\u00bball\u00bb&#8230;<\/p>\n","protected":false},"author":1,"featured_media":0,"parent":0,"menu_order":0,"comment_status":"closed","ping_status":"closed","template":"","meta":{"footnotes":""},"class_list":["post-13716","page","type-page","status-publish"],"_links":{"self":[{"href":"https:\/\/wvd.org\/es\/wp-json\/wp\/v2\/pages\/13716","targetHints":{"allow":["GET"]}}],"collection":[{"href":"https:\/\/wvd.org\/es\/wp-json\/wp\/v2\/pages"}],"about":[{"href":"https:\/\/wvd.org\/es\/wp-json\/wp\/v2\/types\/page"}],"author":[{"embeddable":true,"href":"https:\/\/wvd.org\/es\/wp-json\/wp\/v2\/users\/1"}],"replies":[{"embeddable":true,"href":"https:\/\/wvd.org\/es\/wp-json\/wp\/v2\/comments?post=13716"}],"version-history":[{"count":0,"href":"https:\/\/wvd.org\/es\/wp-json\/wp\/v2\/pages\/13716\/revisions"}],"wp:attachment":[{"href":"https:\/\/wvd.org\/es\/wp-json\/wp\/v2\/media?parent=13716"}],"curies":[{"name":"wp","href":"https:\/\/api.w.org\/{rel}","templated":true}]}}