{"id":13713,"date":"2024-09-13T08:43:31","date_gmt":"2024-09-13T14:43:31","guid":{"rendered":"https:\/\/wvd.org\/ciclo-de-conferencias\/"},"modified":"2024-09-13T08:43:31","modified_gmt":"2024-09-13T14:43:31","slug":"ciclo-de-conferencias","status":"publish","type":"page","link":"https:\/\/wvd.org\/es\/ciclo-de-conferencias\/","title":{"rendered":"Ciclo de conferencias"},"content":{"rendered":"<style>\/*! elementor - v3.22.0 - 26-06-2024 *\/\n.elementor-widget-image{text-align:center}.elementor-widget-image a{display:inline-block}.elementor-widget-image a img[src$=\".svg\"]{width:48px}.elementor-widget-image img{vertical-align:middle;display:inline-block}<\/style>\n<p>\t\t\t\t\t\t\t\t\t\t<img loading=\"lazy\" decoding=\"async\" width=\"900\" height=\"460\" src=\"https:\/\/wvd.org\/wp-content\/uploads\/2023\/06\/Whats-Up-with-that-LUrking-Sperm-4-1-900x460.png\" alt=\"\" \/><br \/>\n\t\t\t<a href=\"https:\/\/us02web.zoom.us\/meeting\/register\/tZIld-uppz4tGdz3qq3GrpXL0b--Do3VVP6H\"><br \/>\n\t\t\t\t\t\t\t\t\t\u00a1Reg\u00edstrate!<br \/>\n\t\t\t\t\t<\/a><br \/>\n\t\t\t\t\t\t\t\t\t\t\t\t\t\t<a href=\"https:\/\/dateful.com\/time-zone-converter\"><br \/>\n\t\t\t\t\t\t\t<img loading=\"lazy\" decoding=\"async\" width=\"449\" height=\"160\" src=\"https:\/\/wvd.org\/wp-content\/uploads\/2023\/06\/Captura-de-pantalla-2023-06-17-065831.jpg\" alt=\"\" srcset=\"https:\/\/wvd.org\/wp-content\/uploads\/2023\/06\/Captura-de-pantalla-2023-06-17-065831.jpg 449w, https:\/\/wvd.org\/wp-content\/uploads\/2023\/06\/Captura-de-pantalla-2023-06-17-065831-300x107.jpg 300w\" sizes=\"auto, (max-width: 449px) 100vw, 449px\" \/>\t\t\t\t\t\t\t\t<\/a><\/p>\n<style>\/*! elementor - v3.22.0 - 26-06-2024 *\/\n.elementor-widget-divider{--divider-border-style:none;--divider-border-width:1px;--divider-color:#0c0d0e;--divider-icon-size:20px;--divider-element-spacing:10px;--divider-pattern-height:24px;--divider-pattern-size:20px;--divider-pattern-url:none;--divider-pattern-repeat:repeat-x}.elementor-widget-divider .elementor-divider{display:flex}.elementor-widget-divider .elementor-divider__text{font-size:15px;line-height:1;max-width:95%}.elementor-widget-divider .elementor-divider__element{margin:0 var(--divider-element-spacing);flex-shrink:0}.elementor-widget-divider .elementor-icon{font-size:var(--divider-icon-size)}.elementor-widget-divider .elementor-divider-separator{display:flex;margin:0;direction:ltr}.elementor-widget-divider--view-line_icon .elementor-divider-separator,.elementor-widget-divider--view-line_text .elementor-divider-separator{align-items:center}.elementor-widget-divider--view-line_icon .elementor-divider-separator:after,.elementor-widget-divider--view-line_icon .elementor-divider-separator:before,.elementor-widget-divider--view-line_text .elementor-divider-separator:after,.elementor-widget-divider--view-line_text .elementor-divider-separator:before{display:block;content:\"\";border-block-end:0;flex-grow:1;border-block-start:var(--divider-border-width) var(--divider-border-style) var(--divider-color)}.elementor-widget-divider--element-align-left .elementor-divider .elementor-divider-separator>.elementor-divider__svg:first-of-type{flex-grow:0;flex-shrink:100}.elementor-widget-divider--element-align-left .elementor-divider-separator:before{content:none}.elementor-widget-divider--element-align-left .elementor-divider__element{margin-left:0}.elementor-widget-divider--element-align-right .elementor-divider .elementor-divider-separator>.elementor-divider__svg:last-of-type{flex-grow:0;flex-shrink:100}.elementor-widget-divider--element-align-right .elementor-divider-separator:after{content:none}.elementor-widget-divider--element-align-right .elementor-divider__element{margin-right:0}.elementor-widget-divider--element-align-start .elementor-divider .elementor-divider-separator>.elementor-divider__svg:first-of-type{flex-grow:0;flex-shrink:100}.elementor-widget-divider--element-align-start .elementor-divider-separator:before{content:none}.elementor-widget-divider--element-align-start .elementor-divider__element{margin-inline-start:0}.elementor-widget-divider--element-align-end .elementor-divider .elementor-divider-separator>.elementor-divider__svg:last-of-type{flex-grow:0;flex-shrink:100}.elementor-widget-divider--element-align-end .elementor-divider-separator:after{content:none}.elementor-widget-divider--element-align-end .elementor-divider__element{margin-inline-end:0}.elementor-widget-divider:not(.elementor-widget-divider--view-line_text):not(.elementor-widget-divider--view-line_icon) .elementor-divider-separator{border-block-start:var(--divider-border-width) var(--divider-border-style) var(--divider-color)}.elementor-widget-divider--separator-type-pattern{--divider-border-style:none}.elementor-widget-divider--separator-type-pattern.elementor-widget-divider--view-line .elementor-divider-separator,.elementor-widget-divider--separator-type-pattern:not(.elementor-widget-divider--view-line) .elementor-divider-separator:after,.elementor-widget-divider--separator-type-pattern:not(.elementor-widget-divider--view-line) .elementor-divider-separator:before,.elementor-widget-divider--separator-type-pattern:not([class*=elementor-widget-divider--view]) .elementor-divider-separator{width:100%;min-height:var(--divider-pattern-height);-webkit-mask-size:var(--divider-pattern-size) 100%;mask-size:var(--divider-pattern-size) 100%;-webkit-mask-repeat:var(--divider-pattern-repeat);mask-repeat:var(--divider-pattern-repeat);background-color:var(--divider-color);-webkit-mask-image:var(--divider-pattern-url);mask-image:var(--divider-pattern-url)}.elementor-widget-divider--no-spacing{--divider-pattern-size:auto}.elementor-widget-divider--bg-round{--divider-pattern-repeat:round}.rtl .elementor-widget-divider .elementor-divider__text{direction:rtl}.e-con-inner>.elementor-widget-divider,.e-con>.elementor-widget-divider{width:var(--container-widget-width,100%);--flex-grow:var(--container-widget-flex-grow)}<\/style>\n<style>\/*! elementor - v3.22.0 - 26-06-2024 *\/\n.elementor-heading-title{padding:0;margin:0;line-height:1}.elementor-widget-heading .elementor-heading-title[class*=elementor-size-]>a{color:inherit;font-size:inherit;line-height:inherit}.elementor-widget-heading .elementor-heading-title.elementor-size-small{font-size:15px}.elementor-widget-heading .elementor-heading-title.elementor-size-medium{font-size:19px}.elementor-widget-heading .elementor-heading-title.elementor-size-large{font-size:29px}.elementor-widget-heading .elementor-heading-title.elementor-size-xl{font-size:39px}.elementor-widget-heading .elementor-heading-title.elementor-size-xxl{font-size:59px}<\/style>\n<h3>Experiencia m\u00e9dica<\/h3>\n<h3 style=\"font-style: normal; font-variant-ligatures: normal; font-variant-caps: normal; font-weight: var( --e-global-typography-primary-font-weight ); font-family: var( --e-global-typography-primary-font-family ), Sans-serif; color: var( --e-global-color-primary ); letter-spacing: normal; text-align: center;\" data-elementor-setting-key=\"title\" data-pen-placeholder=\"Type Here...\">\n            Certificado por la Universidad Laval<br \/>\n          <\/h3>\n<style>\/*! elementor - v3.22.0 - 26-06-2024 *\/\n.elementor-column .elementor-spacer-inner{height:var(--spacer-size)}.e-con{--container-widget-width:100%}.e-con-inner>.elementor-widget-spacer,.e-con>.elementor-widget-spacer{width:var(--container-widget-width,var(--spacer-size));--align-self:var(--container-widget-align-self,initial);--flex-shrink:0}.e-con-inner>.elementor-widget-spacer>.elementor-widget-container,.e-con>.elementor-widget-spacer>.elementor-widget-container{height:100%;width:100%}.e-con-inner>.elementor-widget-spacer>.elementor-widget-container>.elementor-spacer,.e-con>.elementor-widget-spacer>.elementor-widget-container>.elementor-spacer{height:100%}.e-con-inner>.elementor-widget-spacer>.elementor-widget-container>.elementor-spacer>.elementor-spacer-inner,.e-con>.elementor-widget-spacer>.elementor-widget-container>.elementor-spacer>.elementor-spacer-inner{height:var(--container-widget-height,var(--spacer-size))}.e-con-inner>.elementor-widget-spacer.elementor-widget-empty,.e-con>.elementor-widget-spacer.elementor-widget-empty{position:relative;min-height:22px;min-width:22px}.e-con-inner>.elementor-widget-spacer.elementor-widget-empty .elementor-widget-empty-icon,.e-con>.elementor-widget-spacer.elementor-widget-empty .elementor-widget-empty-icon{position:absolute;top:0;bottom:0;left:0;right:0;margin:auto;padding:0;width:22px;height:22px}<\/style>\n<p style=\"text-align: center;\">Puedes ver todos los 2022 seminarios web, as\u00ed como la 3\u00aa Cumbre Anual de Proveedores, estamos creando nuestro propio repositorio de v\u00eddeos con los proveedores de vasectom\u00eda m\u00e1s expertos.  <\/p>\n<style>\/*! elementor - v3.22.0 - 26-06-2024 *\/\n.elementor-widget-tabs.elementor-tabs-view-vertical .elementor-tabs-wrapper{width:25%;flex-shrink:0}.elementor-widget-tabs.elementor-tabs-view-vertical .elementor-tab-desktop-title.elementor-active{border-inline-end-style:none}.elementor-widget-tabs.elementor-tabs-view-vertical .elementor-tab-desktop-title.elementor-active:after,.elementor-widget-tabs.elementor-tabs-view-vertical .elementor-tab-desktop-title.elementor-active:before{height:999em;width:0;right:0;border-inline-end-style:solid}.elementor-widget-tabs.elementor-tabs-view-vertical .elementor-tab-desktop-title.elementor-active:before{top:0;transform:translateY(-100%)}.elementor-widget-tabs.elementor-tabs-view-vertical .elementor-tab-desktop-title.elementor-active:after{top:100%}.elementor-widget-tabs.elementor-tabs-view-horizontal .elementor-tab-desktop-title{display:table-cell}.elementor-widget-tabs.elementor-tabs-view-horizontal .elementor-tab-desktop-title.elementor-active{border-bottom-style:none}.elementor-widget-tabs.elementor-tabs-view-horizontal .elementor-tab-desktop-title.elementor-active:after,.elementor-widget-tabs.elementor-tabs-view-horizontal .elementor-tab-desktop-title.elementor-active:before{bottom:0;height:0;width:999em;border-bottom-style:solid}.elementor-widget-tabs.elementor-tabs-view-horizontal .elementor-tab-desktop-title.elementor-active:before{right:100%}.elementor-widget-tabs.elementor-tabs-view-horizontal .elementor-tab-desktop-title.elementor-active:after{left:100%}.elementor-widget-tabs .elementor-tab-content,.elementor-widget-tabs .elementor-tab-title,.elementor-widget-tabs .elementor-tab-title:after,.elementor-widget-tabs .elementor-tab-title:before,.elementor-widget-tabs .elementor-tabs-content-wrapper{border:1px #d5d8dc}.elementor-widget-tabs .elementor-tabs{text-align:start}.elementor-widget-tabs .elementor-tabs-wrapper{overflow:hidden}.elementor-widget-tabs .elementor-tab-title{cursor:pointer;outline:var(--focus-outline,none)}.elementor-widget-tabs .elementor-tab-desktop-title{position:relative;padding:20px 25px;font-weight:700;line-height:1;border:solid transparent}.elementor-widget-tabs .elementor-tab-desktop-title.elementor-active{border-color:#d5d8dc}.elementor-widget-tabs .elementor-tab-desktop-title.elementor-active:after,.elementor-widget-tabs .elementor-tab-desktop-title.elementor-active:before{display:block;content:\"\";position:absolute}.elementor-widget-tabs .elementor-tab-desktop-title:focus-visible{border:1px solid #000}.elementor-widget-tabs .elementor-tab-mobile-title{padding:10px;cursor:pointer}.elementor-widget-tabs .elementor-tab-content{padding:20px;display:none}@media (max-width:767px){.elementor-tabs .elementor-tab-content,.elementor-tabs .elementor-tab-title{border-style:solid solid none}.elementor-tabs .elementor-tabs-wrapper{display:none}.elementor-tabs .elementor-tabs-content-wrapper{border-bottom-style:solid}.elementor-tabs .elementor-tab-content{padding:10px}}@media (min-width:768px){.elementor-widget-tabs.elementor-tabs-view-vertical .elementor-tabs{display:flex}.elementor-widget-tabs.elementor-tabs-view-vertical .elementor-tabs-wrapper{flex-direction:column}.elementor-widget-tabs.elementor-tabs-view-vertical .elementor-tabs-content-wrapper{flex-grow:1;border-style:solid solid solid none}.elementor-widget-tabs.elementor-tabs-view-horizontal .elementor-tab-content{border-style:none solid solid}.elementor-widget-tabs.elementor-tabs-alignment-center .elementor-tabs-wrapper,.elementor-widget-tabs.elementor-tabs-alignment-end .elementor-tabs-wrapper,.elementor-widget-tabs.elementor-tabs-alignment-stretch .elementor-tabs-wrapper{display:flex}.elementor-widget-tabs.elementor-tabs-alignment-center .elementor-tabs-wrapper{justify-content:center}.elementor-widget-tabs.elementor-tabs-alignment-end .elementor-tabs-wrapper{justify-content:flex-end}.elementor-widget-tabs.elementor-tabs-alignment-stretch.elementor-tabs-view-horizontal .elementor-tab-title{width:100%}.elementor-widget-tabs.elementor-tabs-alignment-stretch.elementor-tabs-view-vertical .elementor-tab-title{height:100%}.elementor-tabs .elementor-tab-mobile-title{display:none}}<\/style>\n<p>\t\t\t\t\t\t\t\t\t3\u00aa Cumbre de Proveedores WVD<br \/>\n\t\t\t\t\t\t\t\t\tGesti\u00f3n de las vasectom\u00edas t\u00e9cnicamente dif\u00edciles<br \/>\n\t\t\t\t\t\t\t\t\tInterposici\u00f3n fascial<br \/>\n\t\t\t\t\t\t\t\t\tLas mujeres y la vasectom\u00eda<br \/>\n\t\t\t\t\t\t\t\t\tCongelaci\u00f3n de esperma<br \/>\n\t\t\t\t\t\t\t\t\t3\u00aa Cumbre de Proveedores WVD<br \/>\n\t\t\t\t\tCada a\u00f1o realizamos un evento de 3 horas en el que participan expertos en vasectom\u00eda, puedes ver la grabaci\u00f3n completa porque la hemos dividido por temas para que elijas el que m\u00e1s te interese<br \/>\n            <a href=\"https:\/\/youtube.com\/playlist?list=PLU7HRtMekIi_CnMMFBcUdZDxuP068xZc0\" target=\"_blank\" rel=\"noopener\"><br \/>\n              <img loading=\"lazy\" decoding=\"async\" src=\"https:\/\/wvd.org\/wp-content\/uploads\/2023\/01\/Untitled-design-12.png\" alt=\"\" width=\"640\" height=\"360\"><br \/>\n            <\/a><br \/>\n\t\t\t\t\t\t\t\t\tGesti\u00f3n de las vasectom\u00edas t\u00e9cnicamente dif\u00edciles<\/p>\n<p style=\"text-align: center;\">Tercer ciclo de conferencias 2022: Gesti\u00f3n de las vasectom\u00edas t\u00e9cnicamente dif\u00edciles, que se present\u00f3 el 24 de septiembre de 2022<a href=\"https:\/\/youtu.be\/b8ZYO82Kf34\" target=\"_blank\" rel=\"noopener\"><img loading=\"lazy\" decoding=\"async\" src=\"https:\/\/wvd.org\/wp-content\/uploads\/2023\/01\/Untitled-design-11.png\" alt=\"\" width=\"640\" height=\"360\"><\/a><\/p>\n<p>\t\t\t\t\t\t\t\t\tInterposici\u00f3n fascial<br \/>\n\t\t\t\t\tGrabaci\u00f3n de nuestro Segundo Ciclo de Conferencias sobre Interposici\u00f3n Fascial.  Webinar 18 de junio de 2022.<\/p>\n<p>\n              <a href=\"https:\/\/youtu.be\/cTTqXM2btik\" target=\"_blank\" rel=\"noopener\"><br \/>\n                <img loading=\"lazy\" decoding=\"async\" src=\"https:\/\/wvd.org\/wp-content\/uploads\/2023\/01\/Untitled-design-8-1.png\" alt=\"\" width=\"640\" height=\"360\"><br \/>\n              <\/a>\n            <\/p>\n<\/p>\n<p>\t\t\t\t\t\t\t\t\tLas mujeres y la vasectom\u00eda<br \/>\n\t\t\t\t\tAqu\u00ed tienes la grabaci\u00f3n del seminario web &#8220;La mujer y la vasectom\u00eda&#8221; del 5 de marzo de 2022, con motivo del D\u00eda Internacional de la Mujer.<br \/>\n            <a href=\"https:\/\/youtu.be\/rMX2TN0CSp4\" target=\"_blank\" rel=\"noopener\"><br \/>\n              <img loading=\"lazy\" decoding=\"async\" src=\"https:\/\/wvd.org\/wp-content\/uploads\/2023\/01\/Untitled-design-10.png\" alt=\"\" width=\"640\" height=\"360\"><br \/>\n            <\/a><br \/>\n\t\t\t\t\t\t\t\t\tCongelaci\u00f3n de esperma<\/p>\n<p>\u00bfHasta qu\u00e9 punto es una buena idea?<\/p>\n<p><iframe loading=\"lazy\" title=\"Freezing Sperm: How Hot an Idea is it Really? - 1st WVD Update Webinar on Vasectomy 2023\" width=\"1080\" height=\"608\" src=\"https:\/\/www.youtube.com\/embed\/Z2ow21KCIPQ?feature=oembed\" frameborder=\"0\" allow=\"accelerometer; autoplay; clipboard-write; encrypted-media; gyroscope; picture-in-picture; web-share\" allowfullscreen><\/iframe><\/p><\/p>\n","protected":false},"excerpt":{"rendered":"<p>\u00a1Reg\u00edstrate! Experiencia m\u00e9dica Certificado por la Universidad Laval Puedes ver todos los 2022 seminarios web, as\u00ed como la 3\u00aa Cumbre Anual de Proveedores, estamos creando nuestro propio repositorio de v\u00eddeos&#8230;<\/p>\n","protected":false},"author":11,"featured_media":0,"parent":0,"menu_order":0,"comment_status":"closed","ping_status":"closed","template":"elementor_header_footer","meta":{"footnotes":""},"class_list":["post-13713","page","type-page","status-publish"],"_links":{"self":[{"href":"https:\/\/wvd.org\/es\/wp-json\/wp\/v2\/pages\/13713","targetHints":{"allow":["GET"]}}],"collection":[{"href":"https:\/\/wvd.org\/es\/wp-json\/wp\/v2\/pages"}],"about":[{"href":"https:\/\/wvd.org\/es\/wp-json\/wp\/v2\/types\/page"}],"author":[{"embeddable":true,"href":"https:\/\/wvd.org\/es\/wp-json\/wp\/v2\/users\/11"}],"replies":[{"embeddable":true,"href":"https:\/\/wvd.org\/es\/wp-json\/wp\/v2\/comments?post=13713"}],"version-history":[{"count":0,"href":"https:\/\/wvd.org\/es\/wp-json\/wp\/v2\/pages\/13713\/revisions"}],"wp:attachment":[{"href":"https:\/\/wvd.org\/es\/wp-json\/wp\/v2\/media?parent=13713"}],"curies":[{"name":"wp","href":"https:\/\/api.w.org\/{rel}","templated":true}]}}