{"id":13637,"date":"2024-09-05T13:18:16","date_gmt":"2024-09-05T19:18:16","guid":{"rendered":"https:\/\/wvd.org\/preguntas-frecuentes\/"},"modified":"2024-09-05T13:18:17","modified_gmt":"2024-09-05T19:18:17","slug":"preguntas-frecuentes","status":"publish","type":"page","link":"https:\/\/wvd.org\/es\/preguntas-frecuentes\/","title":{"rendered":"Preguntas Frecuentes"},"content":{"rendered":"[vc_row type=\u00bbfull_width_background\u00bb full_screen_row_position=\u00bbmiddle\u00bb bg_color=\u00bb#f7f7f7&#8243; scene_position=\u00bbcenter\u00bb text_color=\u00bbdark\u00bb text_align=\u00bbleft\u00bb top_padding=\u00bb100&#8243; bottom_padding=\u00bb100&#8243; overlay_strength=\u00bb0.3&#8243; shape_divider_position=\u00bbbottom\u00bb bg_image_animation=\u00bbnone\u00bb][vc_column column_padding=\u00bbno-extra-padding\u00bb column_padding_position=\u00bball\u00bb background_color_opacity=\u00bb1&#8243; background_hover_color_opacity=\u00bb1&#8243; column_link_target=\u00bb_self\u00bb column_shadow=\u00bbnone\u00bb column_border_radius=\u00bbnone\u00bb width=\u00bb1\/1&#8243; tablet_width_inherit=\u00bbdefault\u00bb tablet_text_alignment=\u00bbdefault\u00bb phone_text_alignment=\u00bbdefault\u00bb column_border_width=\u00bbnone\u00bb column_border_style=\u00bbsolid\u00bb bg_image_animation=\u00bbnone\u00bb][vc_column_text]\n<h4>Preguntas Frecuentes<\/h4>\n[\/vc_column_text][toggles style=\u00bbminimal\u00bb accordion=\u00bbtrue\u00bb][toggle color=\u00bbDefault\u00bb title=\u00bb\u00bfQu\u00e9 es una Vasectom\u00eda Sin Bistur\u00ed?\u00bb][vc_column_text]<span style=\"font-weight: 400;\">La vasectom\u00eda Sin bistur\u00ed (NSV) fue desarrollada originalmente en China en 1974 por el Dr. Li Shunqiang. Dos instrumentos quir\u00fargicos especializados, un hemostato puntiagudo y una abrazadera de anillo, reemplazan el bistur\u00ed. NSV, en comparaci\u00f3n con la t\u00e9cnica de incisi\u00f3n tradicional, da como resultado menos sangrado, menos hematomas, menos infecciones, menos dolor y un tiempo quir\u00fargico m\u00e1s corto.<\/span>[\/vc_column_text][\/toggle][toggle color=\u00bbDefault\u00bb title=\u00bb\u00bfMe pondr\u00e1n anestesia general o local?\u00bb][vc_column_text]<span style=\"font-weight: 400;\">La pr\u00e1ctica m\u00e1s com\u00fan es la anestesia local aplicada con una aguja muy fina o un aplicador de pulverizaci\u00f3n de alta potencia. Ninguno de los dos es doloroso -el aplicador en spray se siente como el chasquido de una goma el\u00e1stica en el peor de los casos y las agujas son tan diminutas que apenas se sienten- y ambos funcionan.<br \/>\nAlgunos hombres piden anestesia general.<br \/>\nAunque ciertamente es correcta, y quiz\u00e1 incluso adecuada para los hombres m\u00e1s ansiosos, no es necesaria ni recomendable.  <\/span>[\/vc_column_text][\/toggle][toggle color=\u00bbDefault\u00bb title=\u00bb\u00bfQui\u00e9n deber\u00eda plantearse hacerse una vasectom\u00eda?\u00bb][vc_column_text]<span style=\"font-weight: 400;\">Cualquier hombre -o, en su caso, cualquier mujer- cuya familia est\u00e9 completa -ya sea alguien con muchos hijos o alguien seguro de que no quiere tener ninguno- debe plantearse detenidamente la vasectom\u00eda.<br \/>\nAunque una reversi\u00f3n es te\u00f3ricamente posible, (ver m\u00e1s abajo), debes considerar la vasectom\u00eda como una forma permanente de anticoncepci\u00f3n. <\/span>[\/vc_column_text][\/toggle][toggle color=\u00bbDefault\u00bb title=\u00bb\u00bfQu\u00e9 \u00e9xito tienen las vasectom\u00edas?\u00bb][vc_column_text]<span style=\"font-weight: 400;\">La vasectom\u00eda sin bistur\u00ed puede tener una eficacia superior al 99%, lo que la convierte en una de las opciones m\u00e1s eficaces disponibles tanto para hombres como para mujeres.<br \/>\nDicho esto, el paciente debe seguir utilizando m\u00e9todos anticonceptivos hasta que un m\u00e9dico le certifique formalmente que no quedan espermatozoides en su semen.<br \/>\nEsto suele llevar aproximadamente 3 meses y\/o hasta 30 eyaculaciones.  <\/span>[\/vc_column_text][\/toggle][toggle color=\u00bbDefault\u00bb title=\u00bb\u00bfQui\u00e9n puede realizar vasectom\u00edas?\u00bb][vc_column_text]<span style=\"font-weight: 400;\">Esto var\u00eda de un pa\u00eds a otro en funci\u00f3n de las normas y reglamentos sobre licencias m\u00e9dicas.<br \/>\nEn algunos lugares, s\u00f3lo los ur\u00f3logos est\u00e1n autorizados a realizar una vasectom\u00eda.<br \/>\nEn la mayor\u00eda de los pa\u00edses, cualquier m\u00e9dico es apto siempre que haya recibido formaci\u00f3n.<br \/>\nEn algunos pa\u00edses, debido a la escasez de m\u00e9dicos, las enfermeras profesionales pueden realizar vasectom\u00edas.<br \/>\nPuede que la pr\u00e1ctica no te haga perfecto, pero es muy probable que te haga mejor, as\u00ed que cuantas m\u00e1s vasectom\u00edas haya hecho un proveedor, mejor ser\u00e1 probablemente.    <\/span>[\/vc_column_text][\/toggle][toggle color=\u00bbDefault\u00bb title=\u00bb\u00bfD\u00f3nde se hace una vasectom\u00eda?\u00bb][vc_column_text]<span style=\"font-weight: 400;\">La vasectom\u00eda suele hacerse en la consulta de un m\u00e9dico o en una cl\u00ednica, utilizando anestesia local en lugar de anestesia general.<\/span><span style=\"font-weight: 400;\">Para encontrar un proveedor cerca de ti <\/span><a href=\"https:\/\/directory.wvd.org\/\"><span style=\"font-weight: 400;\">haz clic aqu\u00ed<\/span><span style=\"font-weight: 400;\">.<\/span><\/a>[\/vc_column_text][\/toggle][toggle color=\u00bbDefault\u00bb title=\u00bb\u00bfSeguir\u00e9 eyaculando?\u00bb][vc_column_text]<span style=\"font-weight: 400;\">La vasectom\u00eda s\u00f3lo impide que los espermatozoides entren en el flujo seminal.<br \/>\nLos espermatozoides constituyen menos del 5% de una eyaculaci\u00f3n (el resto es semen), por lo que no habr\u00e1 ninguna diferencia apreciable en el volumen.<br \/>\nDespu\u00e9s de una vasectom\u00eda no deber\u00eda haber ning\u00fan espermatozoide cuando eyaculas y, por tanto, no debes temer un embarazo.  <\/span>[\/vc_column_text][\/toggle][toggle color=\u00bbDefault\u00bb title=\u00bb\u00bfQu\u00e9 ocurre con el esperma despu\u00e9s de una vasectom\u00eda?\u00bb][vc_column_text]<span style=\"font-weight: 400;\">El esperma se reabsorbe en el cuerpo.<\/span>[\/vc_column_text][\/toggle][toggle color=\u00bbDefault\u00bb title=\u00bb\u00bfInforman los hombres que se someten a una vasectom\u00eda de dificultades sexuales?\u00bb][vc_column_text]<span style=\"font-weight: 400;\">No hay disminuci\u00f3n del deseo, dificultad para mantener la erecci\u00f3n ni problemas con el orgasmo, seg\u00fan un amplio estudio australiano publicado en el Journal of Sexual Medicine en 2010.<br \/>\nDe hecho, estad\u00edsticamente es m\u00e1s probable que los hombres vasectomizados experimenten un aumento de la satisfacci\u00f3n sexual.<br \/>\nEsto se debe probablemente a la eliminaci\u00f3n de la ansiedad causada por el miedo a un embarazo no deseado  <\/span>[\/vc_column_text][\/toggle][toggle color=\u00bbDefault\u00bb title=\u00bb\u00bfExisten riesgos a corto plazo?\u00bb][vc_column_text]<span style=\"font-weight: 400;\">Aunque es una opci\u00f3n extremadamente fiable y segura, siempre hay riesgos en cualquier procedimiento m\u00e9dico.<br \/>\nEntre ellos pueden estar el \u00abarrepentimiento\u00bb si cambia tu din\u00e1mica familiar, el estr\u00e9s emocional y las hemorragias.<br \/>\nPara una lista completa de posibles efectos,  <\/span> <a href=\"https:\/\/www.mayoclinic.org\/tests-procedures\/vasectomy\/about\/pac-20384580\"> <span style=\"font-weight: 400;\">haz clic aqu\u00ed<\/span><\/a><span style=\"font-weight: 400;\">.<\/span><\/p>\n<p><span style=\"font-weight: 400;\">Es de esperar un poco de hinchaz\u00f3n y hematomas en la zona de la incisi\u00f3n.<br \/>\nUn analg\u00e9sico, como aspirina, Advil o Tylenol, puede aliviar el dolor o las molestias a corto plazo.<br \/>\nPero si aumenta el dolor o la hinchaz\u00f3n, o tienes fiebre -indicios de una posible infecci\u00f3n-, consulta a tu m\u00e9dico.<br \/>\nEn raras ocasiones se experimentan molestias continuas en el escroto, pero normalmente desaparecen al cabo de semanas o meses.   <\/span>  Elegir al proveedor adecuado para ti es muy importante, as\u00ed que t\u00f3mate tu tiempo para hacer toda la investigaci\u00f3n necesaria.[\/vc_column_text][\/toggle][toggle color=\u00bbDefault\u00bb title=\u00bb\u00bfLa vasectom\u00eda tiene efectos negativos a largo plazo?\u00bb][vc_column_text]<span style=\"font-weight: 400;\">Seg\u00fan la Asociaci\u00f3n Urol\u00f3gica Americana, entre el 1% y el 2% de los hombres sufren dolor duradero asociado a su vasectom\u00eda.<br \/>\nReconocemos que, aunque tu dolor no es una anomal\u00eda estad\u00edstica y, como tal, es muy real y muy desafortunado, ten en cuenta que la decisi\u00f3n de no hacerte una vasectom\u00eda no elimina el sufrimiento asociado al control de la natalidad, sino que hace recaer toda la carga sobre las mujeres.<br \/>\nSi eres una de las pocas desafortunadas que sufre un dolor duradero, aseg\u00farate de ponerte en contacto con tu proveedor inmediatamente.    <\/span>[\/vc_column_text][\/toggle][toggle color=\u00bbDefault\u00bb title=\u00bb\u00bfSon reversibles las vasectom\u00edas?\u00bb][vc_column_text]<span style=\"font-weight: 400;\">En teor\u00eda, una vasectom\u00eda puede revertirse mediante una vasovasostom\u00eda o vasoepididimostom\u00eda.<br \/>\nEl \u00e9xito de la intervenci\u00f3n depende de varios factores, sobre todo del tiempo transcurrido desde la vasectom\u00eda (cuanto mayor sea el intervalo, m\u00e1s dif\u00edcil ser\u00e1 la intervenci\u00f3n, posiblemente debido a la cicatrizaci\u00f3n que aumenta con el tiempo).<br \/>\nTambi\u00e9n puede realizarse una reversi\u00f3n para tratar el dolor escrotal cr\u00f3nico relacionado con la vasectom\u00eda.    <\/span><\/p>\n<p><span style=\"font-weight: 400;\">Como el procedimiento es m\u00e1s complejo que una vasectom\u00eda, es mejor que lo realice un profesional (normalmente un ur\u00f3logo) especializado en microcirug\u00eda.<br \/>\nLos espermatozoides pueden tardar entre 3 y 12 meses en reaparecer en el semen.<br \/>\nEl esperma tambi\u00e9n puede extraerse quir\u00fargicamente durante una reversi\u00f3n y utilizarse para la fecundaci\u00f3n in vitro.  <\/span><\/p>\n<p><span style=\"font-weight: 400;\">Ten en cuenta que una reversi\u00f3n es un procedimiento mucho m\u00e1s caro y largo, y no est\u00e1 garantizado que tenga \u00e9xito.<br \/>\nPor eso, te aconsejamos encarecidamente que consideres la vasectom\u00eda como una forma permanente de planificaci\u00f3n familiar.<br \/>\nDicho esto, creemos que la reversi\u00f3n deber\u00eda estar disponible en todos los pa\u00edses.<br \/>\nSi tienes alguna duda o a alguna parte de ti le preocupa que en el futuro quieras poder fecundar directamente a una mujer, deber\u00edas plantearte congelar tu esperma.   <\/span>[\/vc_column_text][\/toggle][toggle color=\u00bbDefault\u00bb title=\u00bb\u00bfPor qu\u00e9 un hombre se har\u00eda una vasectom\u00eda en lugar de dejar que su mujer o pareja se hiciera una ligadura de trompas?\u00bb][vc_column_text]<span style=\"font-weight: 400;\">Bueno, para empezar, la ligadura de trompas es m\u00e1s dolorosa, m\u00e1s invasiva y el tiempo de recuperaci\u00f3n mucho m\u00e1s largo.<br \/>\nY lo que es peor, mientras que una vasectom\u00eda fallida (extremadamente rara) acaba en un embarazo normal, una ligadura de trompas fallida puede dar lugar a un embarazo ect\u00f3pico, una de las principales causas de mortalidad materna. <\/span>[\/vc_column_text][\/toggle][toggle color=\u00bbDefault\u00bb title=\u00bb\u00bfCon qu\u00e9 frecuencia se realizan las vasectom\u00edas?\u00bb][vc_column_text]<span style=\"font-weight: 400;\">Hay unos 50 millones de hombres que se han sometido a una vasectom\u00eda en todo el mundo y 500.000 al a\u00f1o en EE.UU., lo que la convierte en el segundo procedimiento m\u00e1s com\u00fan del pa\u00eds realizado a varones (despu\u00e9s de la circuncisi\u00f3n).<br \/>\nEn muy pocos pa\u00edses se hacen m\u00e1s vasectom\u00edas que ligaduras de trompas. <\/span>[\/vc_column_text][\/toggle][toggle color=\u00bbDefault\u00bb title=\u00bb\u00bfCu\u00e1l es la disparidad en la prevalencia de la anticoncepci\u00f3n masculina respecto a la femenina?\u00bb][vc_column_text]<span style=\"font-weight: 400;\">La esterilizaci\u00f3n protege de embarazos no deseados a unos 222 millones de mujeres y hombres en edad reproductiva.<br \/>\n180 millones de mujeres han optado por la ligadura de trompas, mientras que casi 43 millones de hombres han elegido la vasectom\u00eda para limitar de forma segura el tama\u00f1o de la familia.<br \/>\nEn algunos pa\u00edses la disparidad es de m\u00e1s de 100 veces m\u00e1s ligaduras de trompas que vasectom\u00edas.  <\/span>[\/vc_column_text][\/toggle][toggle color=\u00bbDefault\u00bb title=\u00bb\u00bfExiste una correlaci\u00f3n entre la vasectom\u00eda y el c\u00e1ncer de pr\u00f3stata?\u00bb][vc_column_text]<span style=\"font-weight: 400;\">Un estudio de 2014 indicaba una correlaci\u00f3n entre ambos, pero muchos otros estudios, anteriores y posteriores, indican lo contrario, incluido este estudio de 2016 publicado en el Journal of Clinical Oncology. <\/span><a href=\"https:\/\/www.asco.org\/about-asco\/press-center\/news-releases\/large-study-finds-no-link-between-vasectomy-and-prostate%3c\/a\"><span style=\"font-weight: 400;\">https:\/\/www.asco.org\/about-asco\/press-center\/news-releases\/large-study-finds-no-link-between-vasectomy-and-prostate&lt;\/a<\/span><\/a><span style=\"font-weight: 400;\">&gt;<\/span>[\/vc_column_text][\/toggle][toggle color=\u00bbDefault\u00bb title=\u00bb\u00bfLa vasectom\u00eda protege contra las Enfermedades o Infecciones de Transmisi\u00f3n Sexual?\u00bb][vc_column_text]<span style=\"font-weight: 400;\">Si eres sexualmente activo y no mantienes una relaci\u00f3n mon\u00f3gama a largo plazo, a\u00fan tienes que protegerte a ti mismo y a tu pareja.<br \/>\nDespu\u00e9s de la vasectom\u00eda puedes transmitir o adquirir una ITS o una ETS al mantener relaciones sexuales sin protecci\u00f3n.<br \/>\nSi t\u00fa o tu pareja sexual ten\u00e9is una ITS o una ETS, o incluso si no est\u00e1s seguro del estado de tu pareja, sin duda deb\u00e9is utilizar un preservativo y acudir al m\u00e9dico inmediatamente.  <\/span>[\/vc_column_text][\/toggle][toggle color=\u00bbDefault\u00bb title=\u00bb\u00bfQu\u00e9 otras opciones hay para los hombres?\u00bb][vc_column_text]<span style=\"font-weight: 400;\">Lamentablemente, por ahora no hay muchas opciones.<br \/>\nEst\u00e1 la abstinencia, que es muy dif\u00edcil de vender.<br \/>\nEst\u00e1 la abstinencia y el ritmo, que no son fiables.<br \/>\nLuego est\u00e1n los preservativos, que son fundamentales para los hombres j\u00f3venes, pero que se valoran sobre todo para mantener relaciones sexuales seguras.<br \/>\nDe hecho, 18 de cada 100 hombres que utilizan el preservativo como m\u00e9todo anticonceptivo principal dejan embarazada a una mujer en el plazo de un a\u00f1o.<br \/>\nY luego est\u00e1 la vasectom\u00eda.<br \/>\nEst\u00e1 claro que necesitamos desesperadamente alternativas, para las que el D\u00eda Mundial de la Vasectom\u00eda apoya con entusiasmo la investigaci\u00f3n y el desarrollo.<br \/>\nPara saber m\u00e1s visita la p\u00e1gina         <\/span><a href=\"https:\/\/www.malecontraceptive.org\"><span style=\"font-weight: 400;\">Iniciativa Anticonceptiva Masculina<\/span><\/a><span style=\"font-weight: 400;\">.<\/span>[\/vc_column_text][\/toggle][toggle color=\u00bbDefault\u00bb title=\u00bb\u00bfCu\u00e1nto tiempo despu\u00e9s de la vasectom\u00eda puedes asumir la esterilidad completa?\u00bb][vc_column_text]<span style=\"font-weight: 400;\">Puedes seguir teniendo espermatozoides viables en tu organismo durante varias semanas e incluso meses despu\u00e9s de la intervenci\u00f3n.<br \/>\nPara evitar embarazos no deseados, utiliza un m\u00e9todo anticonceptivo alternativo hasta que un an\u00e1lisis de semen confirme que no hay espermatozoides m\u00f3viles detectables.   <\/span>[\/vc_column_text][\/toggle][toggle color=\u00bbDefault\u00bb title=\u00bb\u00bfD\u00f3nde puedo encontrar informaci\u00f3n detallada y fiable sobre las vasectom\u00edas?\u00bb][vc_column_text]<span style=\"font-weight: 400;\">Hay muchos sitios excelentes y muchos proveedores cualificados.<br \/>\nRecomendamos visitar los sitios web del cofundador del D\u00eda Mundial de la Vasectom\u00eda, el Dr. Doug Stein,   <\/span><a href=\"http:\/\/www.vasweb.com\/vasectomy.html\"><span style=\"font-weight: 400;\">http:\/\/www.vasweb.com\/vasectomy.html<\/span><\/a><span style=\"font-weight: 400;\"> o del Dr. Charles Monteith en<\/span><a href=\"https:\/\/www.bestvasectomy.com\"><span style=\"font-weight: 400;\"> https:\/\/www.bestvasectomy.com <\/span><\/a><span style=\"font-weight: 400;\"> Si prefieres el franc\u00e9s, visita el sitio del Dr. Michel Labrecque, <\/span><a href=\"http:\/\/vasectomie.net\/la-vasectomie\/quest-ce-que-la-vasectomie\/%3c\/a\"><span style=\"font-weight: 400;\">http:\/\/vasectomie.net\/la-vasectomie\/quest-ce-que-la-vasectomie\/&lt;\/a<\/span><\/a><span style=\"font-weight: 400;\">.<\/span><\/p>\n<p><span style=\"font-weight: 400;\"> <\/span><span style=\"font-weight: 400;\">Si est\u00e1s decidido a seguir investigando (y\/o tal vez tengas inter\u00e9s en hacerte vasectom\u00edas t\u00fa mismo) consulta la Asociaci\u00f3n Urol\u00f3gica Americana (AUA) <\/span><a href=\"https:\/\/www.auanet.org\/education\/guidelines\/vasectomy.cfm\"><span style=\"font-weight: 400;\">https:\/\/www.auanet.org\/education\/guidelines\/vasectomy.cfm\u00bb&gt;directrices&lt;\/a&gt;<\/span><\/a><span style=\"font-weight: 400;\">.<\/span>[\/vc_column_text][\/toggle][toggle color=\u00bbDefault\u00bb title=\u00bb\u00bfDebo congelar mi esperma?\u00bb][vc_row_inner column_margin=\u00bbdefault\u00bb text_align=\u00bbleft\u00bb][vc_column_inner column_padding=\u00bbno-extra-padding\u00bb column_padding_position=\u00bball\u00bb background_color_opacity=\u00bb1&#8243; background_hover_color_opacity=\u00bb1&#8243; column_shadow=\u00bbnone\u00bb column_border_radius=\u00bbnone\u00bb column_link_target=\u00bb_self\u00bb width=\u00bb1\/1&#8243; tablet_width_inherit=\u00bbdefault\u00bb column_border_width=\u00bbnone\u00bb column_border_style=\u00bbsolid\u00bb bg_image_animation=\u00bbnone\u00bb][vc_column_text]Almacenar esperma es un proceso relativamente f\u00e1cil, pero no necesariamente disponible o asequible para todos ni en todas partes. Para obtener informaci\u00f3n m\u00e1s espec\u00edfica, busca en Internet o visita el sitio web del Dr. Stein <a href=\"https:\/\/www.vasweb.com\/spermbanking.html\">https:\/\/www.vasweb.com\/spermbanking.html.<\/a>[\/vc_column_text][\/vc_column_inner][\/vc_row_inner][\/toggle][toggle color=\u00bbDefault\u00bb title=\u00bb\u00bfHay otras alternativas adem\u00e1s de la reversi\u00f3n si quieres tener un hijo despu\u00e9s de una vasectom\u00eda?\u00bb][vc_column_text]La ciencia y la investigaci\u00f3n relativas a la fertilidad se actualizan constantemente, por lo que debes investigar si est\u00e1s decidido a quedarte embarazada despu\u00e9s de una vasectom\u00eda.<br \/>\nAqu\u00ed tienes dos sitios web que puedes visitar: mejorahttps:\/\/myfertilitycenter.com\/vasectomy-reversal-alternatives-pesa\/. y https:\/\/www.vasectomy.com\/article\/vasectomy-reversal\/alternatives\/alternative-reproduction-techniques[\/vc_column_text][\/toggle][\/toggles][\/vc_column][\/vc_row]\n","protected":false},"excerpt":{"rendered":"<p>[vc_row type=\u00bbfull_width_background\u00bb full_screen_row_position=\u00bbmiddle\u00bb bg_color=\u00bb#f7f7f7&#8243; scene_position=\u00bbcenter\u00bb text_color=\u00bbdark\u00bb text_align=\u00bbleft\u00bb top_padding=\u00bb100&#8243; bottom_padding=\u00bb100&#8243; overlay_strength=\u00bb0.3&#8243; shape_divider_position=\u00bbbottom\u00bb bg_image_animation=\u00bbnone\u00bb][vc_column column_padding=\u00bbno-extra-padding\u00bb column_padding_position=\u00bball\u00bb background_color_opacity=\u00bb1&#8243; background_hover_color_opacity=\u00bb1&#8243; column_link_target=\u00bb_self\u00bb column_shadow=\u00bbnone\u00bb column_border_radius=\u00bbnone\u00bb width=\u00bb1\/1&#8243; tablet_width_inherit=\u00bbdefault\u00bb tablet_text_alignment=\u00bbdefault\u00bb phone_text_alignment=\u00bbdefault\u00bb column_border_width=\u00bbnone\u00bb column_border_style=\u00bbsolid\u00bb bg_image_animation=\u00bbnone\u00bb][vc_column_text] Preguntas Frecuentes [\/vc_column_text][toggles style=\u00bbminimal\u00bb&#8230;<\/p>\n","protected":false},"author":1,"featured_media":0,"parent":0,"menu_order":0,"comment_status":"closed","ping_status":"closed","template":"","meta":{"footnotes":""},"class_list":["post-13637","page","type-page","status-publish"],"_links":{"self":[{"href":"https:\/\/wvd.org\/es\/wp-json\/wp\/v2\/pages\/13637","targetHints":{"allow":["GET"]}}],"collection":[{"href":"https:\/\/wvd.org\/es\/wp-json\/wp\/v2\/pages"}],"about":[{"href":"https:\/\/wvd.org\/es\/wp-json\/wp\/v2\/types\/page"}],"author":[{"embeddable":true,"href":"https:\/\/wvd.org\/es\/wp-json\/wp\/v2\/users\/1"}],"replies":[{"embeddable":true,"href":"https:\/\/wvd.org\/es\/wp-json\/wp\/v2\/comments?post=13637"}],"version-history":[{"count":0,"href":"https:\/\/wvd.org\/es\/wp-json\/wp\/v2\/pages\/13637\/revisions"}],"wp:attachment":[{"href":"https:\/\/wvd.org\/es\/wp-json\/wp\/v2\/media?parent=13637"}],"curies":[{"name":"wp","href":"https:\/\/api.w.org\/{rel}","templated":true}]}}