{"id":10126,"date":"2023-07-13T08:43:46","date_gmt":"2023-07-13T14:43:46","guid":{"rendered":"https:\/\/wvd.org\/donar\/"},"modified":"2023-07-13T08:43:52","modified_gmt":"2023-07-13T14:43:52","slug":"donar","status":"publish","type":"page","link":"https:\/\/wvd.org\/es\/donar\/","title":{"rendered":"Donar"},"content":{"rendered":"[vc_row type=\u00bbfull_width_background\u00bb full_screen_row_position=\u00bbmiddle\u00bb bg_color=\u00bb#ffc03d\u00bb scene_position=\u00bbcenter\u00bb text_color=\u00bbdark\u00bb text_align=\u00bbleft\u00bb top_padding=\u00bb5%\u00bb zindex=\u00bb100&#8243; overlay_strength=\u00bb0.95&#8243; shape_divider_position=\u00bbbottom\u00bb bg_image_animation=\u00bbnone\u00bb shape_type=\u00bb\u00bb][vc_column column_padding=\u00bbno-extra-padding\u00bb column_padding_position=\u00bball\u00bb background_color_opacity=\u00bb1&#8243; background_hover_color_opacity=\u00bb1&#8243; column_link_target=\u00bb_self\u00bb column_shadow=\u00bbnone\u00bb column_border_radius=\u00bbnone\u00bb width=\u00bb1\/6&#8243; tablet_width_inherit=\u00bbdefault\u00bb tablet_text_alignment=\u00bbdefault\u00bb phone_text_alignment=\u00bbdefault\u00bb column_border_width=\u00bbnone\u00bb column_border_style=\u00bbsolid\u00bb bg_image_animation=\u00bbnone\u00bb][\/vc_column][vc_column column_padding=\u00bbno-extra-padding\u00bb column_padding_position=\u00bball\u00bb background_color_opacity=\u00bb1&#8243; background_hover_color_opacity=\u00bb1&#8243; column_link_target=\u00bb_self\u00bb column_shadow=\u00bbnone\u00bb column_border_radius=\u00bbnone\u00bb width=\u00bb2\/3&#8243; tablet_width_inherit=\u00bbdefault\u00bb tablet_text_alignment=\u00bbdefault\u00bb phone_text_alignment=\u00bbdefault\u00bb column_border_width=\u00bbnone\u00bb column_border_style=\u00bbsolid\u00bb bg_image_animation=\u00bbnone\u00bb][vc_column_text css_animation=\u00bbnone\u00bb]\n<h1 style=\"text-align: center;\"><span style=\"color: #333333;\">DONAR <\/span><span style=\"color: #1cb8b2;\">AHORA<\/span><\/h1>\n[\/vc_column_text][divider line_type=\u00bbNo Line\u00bb custom_height=\u00bb60&#8243;][\/vc_column][vc_column column_padding=\u00bbno-extra-padding\u00bb column_padding_position=\u00bball\u00bb background_color_opacity=\u00bb1&#8243; background_hover_color_opacity=\u00bb1&#8243; column_link_target=\u00bb_self\u00bb column_shadow=\u00bbnone\u00bb column_border_radius=\u00bbnone\u00bb width=\u00bb1\/6&#8243; tablet_width_inherit=\u00bbdefault\u00bb tablet_text_alignment=\u00bbdefault\u00bb phone_text_alignment=\u00bbdefault\u00bb column_border_width=\u00bbnone\u00bb column_border_style=\u00bbsolid\u00bb bg_image_animation=\u00bbnone\u00bb][\/vc_column][\/vc_row][vc_row type=\u00bbfull_width_background\u00bb full_screen_row_position=\u00bbmiddle\u00bb full_height=\u00bbyes\u00bb bg_color=\u00bb#fcfcfc\u00bb mouse_based_parallax_bg=\u00bbtrue\u00bb scene_position=\u00bbcenter\u00bb text_color=\u00bbdark\u00bb text_align=\u00bbleft\u00bb overlay_strength=\u00bb0.3&#8243; shape_divider_position=\u00bbbottom\u00bb bg_image_animation=\u00bbnone\u00bb shape_type=\u00bb\u00bb][vc_column column_padding=\u00bbno-extra-padding\u00bb column_padding_position=\u00bball\u00bb background_color_opacity=\u00bb1&#8243; background_hover_color_opacity=\u00bb1&#8243; column_link_target=\u00bb_self\u00bb column_shadow=\u00bbnone\u00bb column_border_radius=\u00bbnone\u00bb width=\u00bb1\/1&#8243; tablet_width_inherit=\u00bbdefault\u00bb tablet_text_alignment=\u00bbdefault\u00bb phone_text_alignment=\u00bbdefault\u00bb column_border_width=\u00bbnone\u00bb column_border_style=\u00bbsolid\u00bb bg_image_animation=\u00bbnone\u00bb][divider line_type=\u00bbNo Line\u00bb custom_height=\u00bb50&#8243;][vc_column_text]\n<h3 style=\"text-align: center;\">\n            <span style=\"color: #000000;\"><br \/>\n              <em><br \/>\n                <strong>Via FlipCause<\/strong><br \/>\n              <\/em><br \/>\n            <\/span><br \/>\n          <\/h3>\n[\/vc_column_text][vc_raw_html css=\u00bb.vc_custom_1676287697208{margin-bottom: 2px !important;}\u00bb]CiAgICAgICAgICA8ZGl2PgogICAgICAgICAgICA8ZGl2IGlkPSJmYy1kaXJlY3QtZW1iZWQtbG9hZGVyLW91dCIgc3R5bGU9ImRpc3BsYXk6YmxvY2s7Ij4KICAgICAgICAgICAgICA8ZGl2IGlkPSJmYy1lbWJlZC1sb2FkZXIiIGNsYXNzPSJmYy1kaXJlY3QtZW1iZWQtbG9hZGVyIiBzdHlsZT0idG9wOiAyNDcuNXB4O2Rpc3BsYXk6YmxvY2s7Ij48L2Rpdj4KICAgICAgICAgICAgPC9kaXY+CiAgICAgICAgICAgIAoKICAgICAgICAgICAgCgogICAgICAgICAgICA8ZGl2IGlkPSJmYy1lbWJlZC1tYWluLWJveCIgY2xhc3M9ImZjLWVtYmVkLW1haW4tYm94Ij4gPGlmcmFtZSBpZD0iZmMtZW1iZWQtZnJhbWUiIHN0eWxlPSJoZWlnaHQ6NTE1cHg7IHdpZHRoOjg1JTsgYm9yZGVyOm5vbmU7IG1hcmdpbjogNjBweCBhdXRvOyIgc3JjPSIiIHNjcm9sbGluZz0ibm8iPjwvaWZyYW1lPgoKPC9kaXY+CiAgICAgICAgICAgIAoKICAgICAgICAgICAgCgogICAgICAgICAgICAKCiAgICAgICAgICAgIAoKICAgICAgICAgICAgPC9kaXY+CiAgICAgICAgICAgIAoKICAgICAgICAgICAgCgogICAgICAgICAgICA8c2NyaXB0Pgp3aW5kb3cuYWRkRXZlbnRMaXN0ZW5lcigibG9hZCIsIGZ1bmN0aW9uKCkgeyAkKCIjZmMtZGlyZWN0LWVtYmVkLWxvYWRlci1vdXQiKS5jc3MoImRpc3BsYXkiLCJibG9jayIpO3NldFRpbWVvdXQoImhpZGVfbG9hZGVyKCk7IiwgMTAwMCk7IH0pOyBmdW5jdGlvbiBoaWRlX2xvYWRlcigpeyBkb2N1bWVudC5nZXRFbGVtZW50QnlJZCgiZmMtZGlyZWN0LWVtYmVkLWxvYWRlci1vdXQiKS5zdHlsZS5kaXNwbGF5PSJub25lIjsgfQo8L3NjcmlwdD4KICAgICAgICAgIDwvZGl2PgogICAgICAgIA==[\/vc_raw_html][vc_row_inner column_margin=\u00bbdefault\u00bb text_align=\u00bbleft\u00bb][vc_column_inner column_padding=\u00bbno-extra-padding\u00bb column_padding_position=\u00bball\u00bb background_color_opacity=\u00bb1&#8243; background_hover_color_opacity=\u00bb1&#8243; column_shadow=\u00bbnone\u00bb column_border_radius=\u00bbnone\u00bb column_link_target=\u00bb_self\u00bb width=\u00bb1\/4&#8243; tablet_width_inherit=\u00bbdefault\u00bb column_border_width=\u00bbnone\u00bb column_border_style=\u00bbsolid\u00bb bg_image_animation=\u00bbnone\u00bb][divider line_type=\u00bbNo Line\u00bb][vc_column_text]\n<h4 style=\"text-align: center;\">\n            <span style=\"color: #000000;\"><br \/>\n              <em><br \/>\n                <strong>Via PayPal<\/strong><br \/>\n              <\/em><br \/>\n            <\/span><br \/>\n          <\/h4>\n[\/vc_column_text][divider line_type=\u00bbNo Line\u00bb][\/vc_column_inner][vc_column_inner column_padding=\u00bbno-extra-padding\u00bb column_padding_position=\u00bball\u00bb background_color_opacity=\u00bb1&#8243; background_hover_color_opacity=\u00bb1&#8243; column_shadow=\u00bbnone\u00bb column_border_radius=\u00bbnone\u00bb column_link_target=\u00bb_self\u00bb width=\u00bb1\/2&#8243; tablet_width_inherit=\u00bbdefault\u00bb column_border_width=\u00bbnone\u00bb column_border_style=\u00bbsolid\u00bb bg_image_animation=\u00bbnone\u00bb][divider line_type=\u00bbNo Line\u00bb][vc_raw_html]CiAgICAgICAgICA8Zm9ybSBhY3Rpb249Imh0dHBzOi8vd3d3LnBheXBhbC5jb20vZG9uYXRlIiBtZXRob2Q9InBvc3QiIHRhcmdldD0iX3RvcCI+CiAgICAgICAgICAgIAoKICAgICAgICAgICAgPGlucHV0IHR5cGU9ImhpZGRlbiIgbmFtZT0iaG9zdGVkX2J1dHRvbl9pZCIgdmFsdWU9Ik1HNEczUVRRNjVCM1MiPgogICAgICAgICAgICAKCiAgICAgICAgICAgIDxpbnB1dCB0eXBlPSJpbWFnZSIgc3JjPSJodHRwczovL3d3dy5wYXlwYWxvYmplY3RzLmNvbS9lbl9VUy9pL2J0bi9idG5fZG9uYXRlQ0NfTEcuZ2lmIiBib3JkZXI9IjAiIHRpdGxlPSJQYXlQYWwtTGEgZm9ybWEgbcOhcyBzZWd1cmEgeSBmw6FjaWwgZGUgcGFnYXIgZW4gbMOtbmVhISIgYWx0PSJEb25hciBjb24gZWwgYm90w7NuIGRlIFBheVBhbCI+CiAgICAgICAgICAgIAoKICAgICAgICAgICAgPGltZyBhbHQ9IiIgYm9yZGVyPSIwIiBzcmM9Imh0dHBzOi8vd3d3LnBheXBhbC5jb20vZW5fVVMvaS9zY3IvcGl4ZWwuZ2lmIiB3aWR0aD0iMSIgaGVpZ2h0PSIxIj4KICAgICAgICAgICAgCgogICAgICAgICAgPC9mb3JtPgogICAgICAgICAgCgogICAgICAgIA==[\/vc_raw_html][\/vc_column_inner][vc_column_inner column_padding=\u00bbno-extra-padding\u00bb column_padding_position=\u00bball\u00bb background_color_opacity=\u00bb1&#8243; background_hover_color_opacity=\u00bb1&#8243; column_shadow=\u00bbnone\u00bb column_border_radius=\u00bbnone\u00bb column_link_target=\u00bb_self\u00bb width=\u00bb1\/4&#8243; tablet_width_inherit=\u00bbdefault\u00bb column_border_width=\u00bbnone\u00bb column_border_style=\u00bbsolid\u00bb bg_image_animation=\u00bbnone\u00bb][\/vc_column_inner][\/vc_row_inner][\/vc_column][\/vc_row][vc_row type=\u00bbfull_width_background\u00bb full_screen_row_position=\u00bbmiddle\u00bb bg_color=\u00bb#fcfcfc\u00bb scene_position=\u00bbcenter\u00bb text_color=\u00bbdark\u00bb text_align=\u00bbleft\u00bb overlay_strength=\u00bb0.3&#8243; shape_divider_position=\u00bbbottom\u00bb bg_image_animation=\u00bbnone\u00bb shape_type=\u00bb\u00bb][vc_column centered_text=\u00bbtrue\u00bb column_padding=\u00bbno-extra-padding\u00bb column_padding_position=\u00bball\u00bb background_color_opacity=\u00bb1&#8243; background_hover_color_opacity=\u00bb1&#8243; column_link_target=\u00bb_self\u00bb column_shadow=\u00bbnone\u00bb column_border_radius=\u00bbnone\u00bb width=\u00bb1\/4&#8243; tablet_width_inherit=\u00bbdefault\u00bb tablet_text_alignment=\u00bbdefault\u00bb phone_text_alignment=\u00bbdefault\u00bb column_border_width=\u00bbnone\u00bb column_border_style=\u00bbsolid\u00bb bg_image_animation=\u00bbnone\u00bb][divider line_type=\u00bbNo Line\u00bb][nectar_icon icon_family=\u00bbiconsmind\u00bb icon_style=\u00bbborder-basic\u00bb icon_border_thickness=\u00bb5px\u00bb icon_color=\u00bbextra-color-gradient-2&#8243; icon_padding=\u00bb20px\u00bb icon_iconsmind=\u00bbiconsmind-Money\u00bb icon_size=\u00bb120&#8243;][divider line_type=\u00bbNo Line\u00bb][\/vc_column][vc_column column_padding=\u00bbno-extra-padding\u00bb column_padding_position=\u00bball\u00bb background_color_opacity=\u00bb1&#8243; background_hover_color_opacity=\u00bb1&#8243; column_link_target=\u00bb_self\u00bb column_shadow=\u00bbnone\u00bb column_border_radius=\u00bbnone\u00bb width=\u00bb3\/4&#8243; tablet_width_inherit=\u00bbdefault\u00bb tablet_text_alignment=\u00bbdefault\u00bb phone_text_alignment=\u00bbdefault\u00bb column_border_width=\u00bbnone\u00bb column_border_style=\u00bbsolid\u00bb bg_image_animation=\u00bbnone\u00bb][divider line_type=\u00bbNo Line\u00bb custom_height=\u00bb80&#8243;][vc_column_text]\n<h5>Si decide donar con un cheque bancario de los Estados Unidos, h\u00e1galo pagadero a World Vasectomy Day, Inc. y env\u00edelo por correo a World Vasectomy Day, Inc.; 1013 Cove St, SE Bondurant, IA, 50035. En la l\u00ednea de notas, puede agregar una directiva como \u00abFondo General\u00bb o la que elija, etc.<\/h5>\n[\/vc_column_text][divider line_type=\u00bbNo Line\u00bb][\/vc_column][\/vc_row][vc_row type=\u00bbfull_width_background\u00bb full_screen_row_position=\u00bbmiddle\u00bb bg_color=\u00bb#ffc03d\u00bb scene_position=\u00bbcenter\u00bb text_color=\u00bbdark\u00bb text_align=\u00bbleft\u00bb top_padding=\u00bb3%\u00bb bottom_padding=\u00bb3%\u00bb overlay_strength=\u00bb0.3&#8243; shape_divider_position=\u00bbbottom\u00bb bg_image_animation=\u00bbnone\u00bb shape_type=\u00bb\u00bb][vc_column column_padding=\u00bbno-extra-padding\u00bb column_padding_position=\u00bball\u00bb background_color_opacity=\u00bb1&#8243; background_hover_color_opacity=\u00bb1&#8243; column_link_target=\u00bb_self\u00bb column_shadow=\u00bbnone\u00bb column_border_radius=\u00bbnone\u00bb width=\u00bb1\/1&#8243; tablet_width_inherit=\u00bbdefault\u00bb tablet_text_alignment=\u00bbdefault\u00bb phone_text_alignment=\u00bbdefault\u00bb column_border_width=\u00bbnone\u00bb column_border_style=\u00bbsolid\u00bb bg_image_animation=\u00bbnone\u00bb][vc_row_inner column_margin=\u00bbdefault\u00bb text_align=\u00bbleft\u00bb][vc_column_inner column_padding=\u00bbno-extra-padding\u00bb column_padding_position=\u00bball\u00bb background_color_opacity=\u00bb1&#8243; background_hover_color_opacity=\u00bb1&#8243; column_shadow=\u00bbnone\u00bb column_border_radius=\u00bbnone\u00bb column_link_target=\u00bb_self\u00bb width=\u00bb1\/2&#8243; tablet_width_inherit=\u00bbdefault\u00bb column_border_width=\u00bbnone\u00bb column_border_style=\u00bbsolid\u00bb bg_image_animation=\u00bbnone\u00bb][divider line_type=\u00bbNo Line\u00bb custom_height=\u00bb7&#8243;][vc_column_text css_animation=\u00bbnone\u00bb]\n<h3 style=\"text-align: center;\">\u00a1Agradecemos a nuestros donantes!<\/h3>\n[\/vc_column_text][\/vc_column_inner][vc_column_inner column_padding=\u00bbno-extra-padding\u00bb column_padding_position=\u00bball\u00bb centered_text=\u00bbtrue\u00bb background_color_opacity=\u00bb1&#8243; background_hover_color_opacity=\u00bb1&#8243; column_shadow=\u00bbnone\u00bb column_border_radius=\u00bbnone\u00bb column_link_target=\u00bb_self\u00bb width=\u00bb1\/2&#8243; tablet_width_inherit=\u00bbdefault\u00bb column_border_width=\u00bbnone\u00bb column_border_style=\u00bbsolid\u00bb bg_image_animation=\u00bbnone\u00bb][nectar_btn size=\u00bblarge\u00bb open_new_tab=\u00bbtrue\u00bb button_style=\u00bbsee-through-2&#8243; color_override=\u00bb#2a2c2e\u00bb hover_color_override=\u00bb#2a2c2e\u00bb hover_text_color_override=\u00bb#ffffff\u00bb icon_family=\u00bbnone\u00bb url=\u00bbhttps:\/\/wvd.org\/wp-content\/uploads\/2023\/04\/Donors-until-2022.pdf\u00bb text=\u00bbVer la lista de donantes\u00bb][\/vc_column_inner][\/vc_row_inner][\/vc_column][\/vc_row][vc_row type=\u00bbfull_width_background\u00bb full_screen_row_position=\u00bbmiddle\u00bb bg_color=\u00bb#322d55&#8243; scene_position=\u00bbcenter\u00bb text_color=\u00bbdark\u00bb text_align=\u00bbleft\u00bb overlay_strength=\u00bb0.3&#8243; shape_divider_position=\u00bbbottom\u00bb bg_image_animation=\u00bbnone\u00bb shape_type=\u00bb\u00bb][vc_column column_padding=\u00bbno-extra-padding\u00bb column_padding_position=\u00bball\u00bb background_color_opacity=\u00bb1&#8243; background_hover_color_opacity=\u00bb1&#8243; column_link_target=\u00bb_self\u00bb column_shadow=\u00bbnone\u00bb column_border_radius=\u00bbnone\u00bb width=\u00bb1\/1&#8243; tablet_width_inherit=\u00bbdefault\u00bb tablet_text_alignment=\u00bbdefault\u00bb phone_text_alignment=\u00bbdefault\u00bb column_border_width=\u00bbnone\u00bb column_border_style=\u00bbsolid\u00bb bg_image_animation=\u00bbnone\u00bb][divider line_type=\u00bbNo Line\u00bb custom_height=\u00bb50&#8243;][vc_custom_heading text=\u00bb\u00bfPor qu\u00e9 el D\u00eda Mundial de La Vasectom\u00eda?\u00bb font_container=\u00bbtag:h1|text_align:center|color:%23ffffff\u00bb use_theme_fonts=\u00bbyes\u00bb][divider line_type=\u00bbNo Line\u00bb custom_height=\u00bb50&#8243;][\/vc_column][\/vc_row][vc_row type=\u00bbin_container\u00bb full_screen_row_position=\u00bbmiddle\u00bb scene_position=\u00bbcenter\u00bb text_color=\u00bbdark\u00bb text_align=\u00bbleft\u00bb overlay_strength=\u00bb0.3&#8243; shape_divider_position=\u00bbbottom\u00bb bg_image_animation=\u00bbnone\u00bb][vc_column column_padding=\u00bbno-extra-padding\u00bb column_padding_position=\u00bball\u00bb background_color_opacity=\u00bb1&#8243; background_hover_color_opacity=\u00bb1&#8243; column_link_target=\u00bb_self\u00bb column_shadow=\u00bbnone\u00bb column_border_radius=\u00bbnone\u00bb width=\u00bb1\/1&#8243; tablet_width_inherit=\u00bbdefault\u00bb tablet_text_alignment=\u00bbdefault\u00bb phone_text_alignment=\u00bbdefault\u00bb column_border_width=\u00bbnone\u00bb column_border_style=\u00bbsolid\u00bb bg_image_animation=\u00bbnone\u00bb][divider line_type=\u00bbNo Line\u00bb][vc_custom_heading text=\u00bbHemos ayudado a m\u00e1s de 100,000 familias a elegir la cantidad de hijos que desean e inspirado a levantarse por amor para compartir la responsabilidad de la planificaci\u00f3n familiar\u00bb font_container=\u00bbtag:h2|text_align:center|color:%23f3a01e\u00bb use_theme_fonts=\u00bbyes\u00bb][divider line_type=\u00bbNo Line\u00bb][\/vc_column][\/vc_row][vc_row type=\u00bbin_container\u00bb full_screen_row_position=\u00bbmiddle\u00bb scene_position=\u00bbcenter\u00bb text_color=\u00bbdark\u00bb text_align=\u00bbleft\u00bb overlay_strength=\u00bb0.3&#8243; shape_divider_position=\u00bbbottom\u00bb bg_image_animation=\u00bbnone\u00bb][vc_column centered_text=\u00bbtrue\u00bb column_padding=\u00bbno-extra-padding\u00bb column_padding_position=\u00bball\u00bb background_color_opacity=\u00bb1&#8243; background_hover_color_opacity=\u00bb1&#8243; column_link_target=\u00bb_self\u00bb column_shadow=\u00bbnone\u00bb column_border_radius=\u00bbnone\u00bb width=\u00bb1\/4&#8243; tablet_width_inherit=\u00bbdefault\u00bb tablet_text_alignment=\u00bbdefault\u00bb phone_text_alignment=\u00bbdefault\u00bb column_border_width=\u00bbnone\u00bb column_border_style=\u00bbsolid\u00bb bg_image_animation=\u00bbnone\u00bb][nectar_icon icon_family=\u00bbiconsmind\u00bb icon_style=\u00bbsoft-bg\u00bb icon_color=\u00bbAccent-Color\u00bb icon_padding=\u00bb20px\u00bb icon_size=\u00bb105&#8243; icon_iconsmind=\u00bbiconsmind-Doctor\u00bb][vc_column_text]\n<h5 style=\"text-align: center;\">\n            <span class=\"S1PPyQ\" style=\"color: #322d55;\">Hemos capacitado a cientos de m\u00e9dicos en las mejores pr\u00e1cticas<\/span><br \/>\n          <\/h5>\n[\/vc_column_text][\/vc_column][vc_column centered_text=\u00bbtrue\u00bb column_padding=\u00bbno-extra-padding\u00bb column_padding_position=\u00bball\u00bb background_color_opacity=\u00bb1&#8243; background_hover_color_opacity=\u00bb1&#8243; column_link_target=\u00bb_self\u00bb column_shadow=\u00bbnone\u00bb column_border_radius=\u00bbnone\u00bb width=\u00bb1\/4&#8243; tablet_width_inherit=\u00bbdefault\u00bb tablet_text_alignment=\u00bbdefault\u00bb phone_text_alignment=\u00bbdefault\u00bb column_border_width=\u00bbnone\u00bb column_border_style=\u00bbsolid\u00bb bg_image_animation=\u00bbnone\u00bb][vc_column_text]\n<h5 style=\"text-align: center;\">\n            <span class=\"S1PPyQ\" style=\"color: #322d55;\">Hemos producido cientos de pel\u00edculas que educan al p\u00fablico y aumentan la participaci\u00f3n de la demanda.<\/span><br \/>\n          <\/h5>\n[\/vc_column_text][divider line_type=\u00bbNo Line\u00bb][nectar_icon icon_family=\u00bbiconsmind\u00bb icon_style=\u00bbsoft-bg\u00bb icon_color=\u00bbExtra-Color-1&#8243; icon_padding=\u00bb20px\u00bb icon_iconsmind=\u00bbiconsmind-Film\u00bb icon_size=\u00bb100&#8243;][\/vc_column][vc_column centered_text=\u00bbtrue\u00bb column_padding=\u00bbno-extra-padding\u00bb column_padding_position=\u00bball\u00bb background_color_opacity=\u00bb1&#8243; background_hover_color_opacity=\u00bb1&#8243; column_link_target=\u00bb_self\u00bb column_shadow=\u00bbnone\u00bb column_border_radius=\u00bbnone\u00bb width=\u00bb1\/4&#8243; tablet_width_inherit=\u00bbdefault\u00bb tablet_text_alignment=\u00bbdefault\u00bb phone_text_alignment=\u00bbdefault\u00bb column_border_width=\u00bbnone\u00bb column_border_style=\u00bbsolid\u00bb bg_image_animation=\u00bbnone\u00bb][nectar_icon icon_family=\u00bbiconsmind\u00bb icon_style=\u00bbsoft-bg\u00bb icon_color=\u00bbextra-color-gradient-1&#8243; icon_padding=\u00bb20px\u00bb icon_iconsmind=\u00bbiconsmind-Statistic\u00bb icon_size=\u00bb100&#8243;][vc_column_text]\n<h5 style=\"text-align: center;\">\n            <span style=\"color: #322d55;\">Hemos ayudado a los Ministerios de Salud a duplicar e incluso disparar el n\u00famero de vasectom\u00edas<\/span><br \/>\n          <\/h5>\n[\/vc_column_text][\/vc_column][vc_column centered_text=\u00bbtrue\u00bb column_padding=\u00bbno-extra-padding\u00bb column_padding_position=\u00bball\u00bb background_color_opacity=\u00bb1&#8243; background_hover_color_opacity=\u00bb1&#8243; column_link_target=\u00bb_self\u00bb column_shadow=\u00bbnone\u00bb column_border_radius=\u00bbnone\u00bb width=\u00bb1\/4&#8243; tablet_width_inherit=\u00bbdefault\u00bb tablet_text_alignment=\u00bbdefault\u00bb phone_text_alignment=\u00bbdefault\u00bb column_border_width=\u00bbnone\u00bb column_border_style=\u00bbsolid\u00bb bg_image_animation=\u00bbnone\u00bb][vc_column_text]\n<h5 style=\"text-align: center;\">\n            <span style=\"color: #322d55;\">Le hemos recordado a la gente que los hombres tienen un papel que desempe\u00f1ar<\/span><br \/>\n          <\/h5>\n[\/vc_column_text][divider line_type=\u00bbNo Line\u00bb][nectar_icon icon_family=\u00bbiconsmind\u00bb icon_style=\u00bbsoft-bg\u00bb icon_color=\u00bbExtra-Color-1&#8243; icon_padding=\u00bb20px\u00bb icon_iconsmind=\u00bbiconsmind-Family-Sign\u00bb icon_size=\u00bb100&#8243;][\/vc_column][vc_column column_padding=\u00bbno-extra-padding\u00bb column_padding_position=\u00bball\u00bb background_color_opacity=\u00bb1&#8243; background_hover_color_opacity=\u00bb1&#8243; column_link_target=\u00bb_self\u00bb column_shadow=\u00bbnone\u00bb column_border_radius=\u00bbnone\u00bb width=\u00bb1\/1&#8243; tablet_width_inherit=\u00bbdefault\u00bb tablet_text_alignment=\u00bbdefault\u00bb phone_text_alignment=\u00bbdefault\u00bb column_border_width=\u00bbnone\u00bb column_border_style=\u00bbsolid\u00bb bg_image_animation=\u00bbnone\u00bb][divider line_type=\u00bbNo Line\u00bb][\/vc_column][\/vc_row][vc_row type=\u00bbfull_width_background\u00bb full_screen_row_position=\u00bbmiddle\u00bb bg_color=\u00bbrgba(50,45,85,0.23)\u00bb scene_position=\u00bbcenter\u00bb text_color=\u00bbdark\u00bb text_align=\u00bbleft\u00bb overlay_strength=\u00bb0.3&#8243; shape_divider_position=\u00bbbottom\u00bb bg_image_animation=\u00bbnone\u00bb shape_type=\u00bb\u00bb][vc_column column_padding=\u00bbno-extra-padding\u00bb column_padding_position=\u00bball\u00bb background_color_opacity=\u00bb1&#8243; background_hover_color_opacity=\u00bb1&#8243; column_link_target=\u00bb_self\u00bb column_shadow=\u00bbnone\u00bb column_border_radius=\u00bbnone\u00bb width=\u00bb1\/1&#8243; tablet_width_inherit=\u00bbdefault\u00bb tablet_text_alignment=\u00bbdefault\u00bb phone_text_alignment=\u00bbdefault\u00bb column_border_width=\u00bbnone\u00bb column_border_style=\u00bbsolid\u00bb bg_image_animation=\u00bbnone\u00bb][divider line_type=\u00bbNo Line\u00bb][vc_custom_heading text=\u00bbHemos trabajado extremadamente para demostrar que lo imposible nunca es imposible\u00bb font_container=\u00bbtag:h1|text_align:center|color:%23322d55&#8243; use_theme_fonts=\u00bbyes\u00bb css_animation=\u00bbleft-to-right\u00bb][divider line_type=\u00bbNo Line\u00bb][\/vc_column][\/vc_row]\n","protected":false},"excerpt":{"rendered":"<p>[vc_row type=\u00bbfull_width_background\u00bb full_screen_row_position=\u00bbmiddle\u00bb bg_color=\u00bb#ffc03d\u00bb scene_position=\u00bbcenter\u00bb text_color=\u00bbdark\u00bb text_align=\u00bbleft\u00bb top_padding=\u00bb5%\u00bb zindex=\u00bb100&#8243; overlay_strength=\u00bb0.95&#8243; shape_divider_position=\u00bbbottom\u00bb bg_image_animation=\u00bbnone\u00bb shape_type=\u00bb\u00bb][vc_column column_padding=\u00bbno-extra-padding\u00bb column_padding_position=\u00bball\u00bb background_color_opacity=\u00bb1&#8243; background_hover_color_opacity=\u00bb1&#8243; column_link_target=\u00bb_self\u00bb column_shadow=\u00bbnone\u00bb column_border_radius=\u00bbnone\u00bb width=\u00bb1\/6&#8243; tablet_width_inherit=\u00bbdefault\u00bb tablet_text_alignment=\u00bbdefault\u00bb phone_text_alignment=\u00bbdefault\u00bb column_border_width=\u00bbnone\u00bb column_border_style=\u00bbsolid\u00bb bg_image_animation=\u00bbnone\u00bb][\/vc_column][vc_column column_padding=\u00bbno-extra-padding\u00bb column_padding_position=\u00bball\u00bb background_color_opacity=\u00bb1&#8243;&#8230;<\/p>\n","protected":false},"author":1,"featured_media":0,"parent":0,"menu_order":0,"comment_status":"closed","ping_status":"closed","template":"","meta":{"footnotes":""},"class_list":["post-10126","page","type-page","status-publish"],"_links":{"self":[{"href":"https:\/\/wvd.org\/es\/wp-json\/wp\/v2\/pages\/10126","targetHints":{"allow":["GET"]}}],"collection":[{"href":"https:\/\/wvd.org\/es\/wp-json\/wp\/v2\/pages"}],"about":[{"href":"https:\/\/wvd.org\/es\/wp-json\/wp\/v2\/types\/page"}],"author":[{"embeddable":true,"href":"https:\/\/wvd.org\/es\/wp-json\/wp\/v2\/users\/1"}],"replies":[{"embeddable":true,"href":"https:\/\/wvd.org\/es\/wp-json\/wp\/v2\/comments?post=10126"}],"version-history":[{"count":0,"href":"https:\/\/wvd.org\/es\/wp-json\/wp\/v2\/pages\/10126\/revisions"}],"wp:attachment":[{"href":"https:\/\/wvd.org\/es\/wp-json\/wp\/v2\/media?parent=10126"}],"curies":[{"name":"wp","href":"https:\/\/api.w.org\/{rel}","templated":true}]}}